{"id":920,"date":"2016-01-07T20:29:03","date_gmt":"2016-01-07T18:29:03","guid":{"rendered":"http:\/\/www.wild-und-honigbienen.de\/?page_id=920"},"modified":"2025-09-09T10:18:55","modified_gmt":"2025-09-09T08:18:55","slug":"kurs-vermehrung-2016","status":"publish","type":"page","link":"http:\/\/www.wild-und-honigbienen.de\/?page_id=920","title":{"rendered":"Kurs Vermehrung 2025"},"content":{"rendered":"<p><span style=\"font-size: 12pt;\"><strong>V\u00f6lkervermehrungskurs mit Frau Dr. Pia Aumeier 2025!<br \/>\n<\/strong><\/span><\/p>\n<h3><a href=\"https:\/\/photos.app.goo.gl\/GRqPsViA2A8kCiAX6\" target=\"_blank\" rel=\"noopener\">Bilder vom Vermehrungskurs 2025<\/a><\/h3>\n<p>Anmeldungen ab sofort m\u00f6glich unter<br \/>\n<span style=\"font-size: 10pt; text-decoration: none; font-family: arial,helvetica,sans-serif; color: #000000;\"><a href=\"mailto:friedelmirbach@t-online.de\">friedelmirbach@t-online.de<\/a>\u00a0 oder\u00a0 <a href=\"mailto:dorothea-axtmann@t-online.de\">dorothea-axtmann@t-online.de<\/a><br \/>\n<\/span>Online-Theorie Einf\u00fchrung <strong>am <\/strong><span style=\"font-size: 10pt; text-decoration: none; font-family: arial,helvetica,sans-serif; color: #000000;\"><strong>30. M\u00e4rz von 16 bis ca 20 Uhr<\/strong> (<span style=\"color: #ff0000;\">verschoben vom 8.3:2025<\/span>)<br \/>\n<a href=\"http:\/\/www.wild-und-honigbienen.de\/wp-content\/uploads\/2025\/03\/ATT00006.pdf\" target=\"_blank\" rel=\"noopener\">&gt;Hier das Originalangebot mit der Termin\u00fcbersicht als pdf&lt;<\/a><\/span><\/p>\n<p>Ort ist der Partyraum (im Keller) des Ernst-Moritz-Arndt-Gymnasiums, Bonn, Eingang Wegelerstra\u00dfe.<br \/>\nParkm\u00f6glichkeiten f\u00fcr Kraftfahrzeuge sind zurzeit sehr eingeschr\u00e4nkt wegen der Bauarbeiten der Schule.<\/p>\n<p>(kostenfrei f\u00fcr alle, die teilnehmen m\u00f6chten)<\/p>\n<p>F\u00fcr die Praxistermine werden Unkostenbeitr\u00e4ge erhoben, da die EU leider keine Imkerkurse mehr finanziert:<\/p>\n<p>Da wir den Kurs aber in Zusammenarbeit mit dem Rheinbacher Bienenzuchtverein durchf\u00fchren und jeder Verein die H\u00e4lfte der Kosten anteilig \u00fcbernimmt, sind die Kosten gering, zumal jeder bei Abschlu\u00df des Kurses 2 Begattungseinheiten mit nachhause nehmen darf.<\/p>\n<p><span style=\"font-size: 12pt; text-decoration: none; font-family: arial, helvetica, sans-serif; color: #000000;\">Nichtmitglieder unseres und des BZV Rheinbach bezahlen 90 \u20ac, Mitglieder der beiden Vereine bezahlen nur 45 \u20ac.<br \/>\nBitte vor Beginn \u00fcberweisen auf das Vereinskonto<br \/>\nbei der Volksbank Bonn Rhein-Sieg eG\u00a0\u00a0 BLZ 380 601 86<br \/>\n<\/span><\/p>\n<p>IBAN: \u00a0DE10 3806 0186 0616 2090 19 \u00a0\u00a0\u00a0\u00a0BIC: GENODED1BRS<br \/>\nBezug:\u00a0 Vermehrungskurs 2025<\/p>\n<p>Dann folgen die (kostenpflichtigen) Praxistermine<\/p>\n<p>Fr. 25.4.25\u00a0 17 bis mind. 21 Uhr: gemeinsam SBA erstellen, mitgebrachte Waben werden betrachtet und auf Anzahl Bienen gesch\u00e4tzt.<\/p>\n<p>Infos rund um Schwarmkontrolle etc.\u00a0 Ort: Ursulinenschule in Rheinbach<\/p>\n<p>So, 4.5.25\u00a0 ab 14 Uhr mind. 5 Stunden: umlarven, Nachschaffungszellen brechen etc.\u00a0 Ort: Nutzpflanzengarten der Botanischen G\u00e4rten Bonn<\/p>\n<p>Di, 13.5.25\u00a0 17 bis mind. 21 Uhr: Verschulen und was schief gehen kann bei K\u00f6niginnenaufzuchten\u00a0 Ort: Nutzpflanzengarten der Bot. G\u00e4rten Bonn<\/p>\n<p>So, 18.5.25\u00a0 17 bis mind. 22 Uhr: verteilen der K\u00f6niginnen und Begattungsableger und Besprechung des weiteren Verlaufs\u00a0 Ort: Ursulinenschule Rheinbach<\/p>\n<p>Im September gibt es dann noch einen Termin &#8222;Was wurde draus?&#8220;\u00a0 und Sp\u00e4tsommerpflege von Jungv\u00f6lkern ist ANDERS als f\u00fcr Wirtschaftsv\u00f6lker.<br \/>\nAm Sonntag, den 27.9. 25 findet der letzte Teil unseres Vermehrungskurs mit Pia Aumeier in Rheinbach statt, Thema: Was wurde daraus?<br \/>\nWir treffen uns um 14 Uhr an der Ursulinenschule in Rheinbach, Drosselweg 1 an den Jungv\u00f6lkern, die wir im Fr\u00fchjahr gebildet haben, hinten auf der Wiese.<br \/>\nKommen d\u00fcrfen diesmal alle, die Interesse haben und Fragen stellen wollen zu ihren diesj\u00e4hrig gebildeten Jungv\u00f6lkern.<\/p>\n<p>&nbsp;<\/p>\n<p>Bitte macht etwas Werbung, damit der Kurs voll wird und wir derartige Veranstaltungen auch weiter anbieten k\u00f6nnen, denn das Interesse, Imkerei zu erlernen, ist etwas r\u00fcckl\u00e4ufig.<\/p>\n<p>Und bitte daran denken: wenn Ihr eigene Brutwaben zum Kurs mitbringen wollt, ben\u00f6tigt ihr ein Gesundheitszeugnis Eurer Bienen &#8211; daf\u00fcr m\u00fcssen rechtzeitig Futterkranzproben genommen werden (Vorgehensweise siehe <a href=\"http:\/\/www.wild-und-honigbienen.de\/?page_id=542\" target=\"_blank\" rel=\"noopener\">&gt;hier&lt;<\/a>)<\/p>\n","protected":false},"excerpt":{"rendered":"<p>V\u00f6lkervermehrungskurs mit Frau Dr. Pia Aumeier 2025! Bilder vom Vermehrungskurs 2025 Anmeldungen ab sofort m\u00f6glich unter friedelmirbach@t-online.de\u00a0 oder\u00a0 dorothea-axtmann@t-online.de Online-Theorie Einf\u00fchrung am 30. M\u00e4rz von 16 bis ca 20 Uhr (verschoben vom 8.3:2025) &gt;Hier das Originalangebot mit der Termin\u00fcbersicht als &hellip; <a class=\"more-link\" href=\"http:\/\/www.wild-und-honigbienen.de\/?page_id=920\">Weiterlesen <span class=\"meta-nav\">&rarr;<\/span><\/a><\/p>\n","protected":false},"author":1,"featured_media":0,"parent":0,"menu_order":0,"comment_status":"closed","ping_status":"open","template":"","meta":{"footnotes":""},"_links":{"self":[{"href":"http:\/\/www.wild-und-honigbienen.de\/index.php?rest_route=\/wp\/v2\/pages\/920"}],"collection":[{"href":"http:\/\/www.wild-und-honigbienen.de\/index.php?rest_route=\/wp\/v2\/pages"}],"about":[{"href":"http:\/\/www.wild-und-honigbienen.de\/index.php?rest_route=\/wp\/v2\/types\/page"}],"author":[{"embeddable":true,"href":"http:\/\/www.wild-und-honigbienen.de\/index.php?rest_route=\/wp\/v2\/users\/1"}],"replies":[{"embeddable":true,"href":"http:\/\/www.wild-und-honigbienen.de\/index.php?rest_route=%2Fwp%2Fv2%2Fcomments&post=920"}],"version-history":[{"count":22,"href":"http:\/\/www.wild-und-honigbienen.de\/index.php?rest_route=\/wp\/v2\/pages\/920\/revisions"}],"predecessor-version":[{"id":2397,"href":"http:\/\/www.wild-und-honigbienen.de\/index.php?rest_route=\/wp\/v2\/pages\/920\/revisions\/2397"}],"wp:attachment":[{"href":"http:\/\/www.wild-und-honigbienen.de\/index.php?rest_route=%2Fwp%2Fv2%2Fmedia&parent=920"}],"curies":[{"name":"wp","href":"https:\/\/api.w.org\/{rel}","templated":true}]}}