{"id":819,"date":"2015-09-18T11:32:42","date_gmt":"2015-09-18T09:32:42","guid":{"rendered":"http:\/\/www.wild-und-honigbienen.de\/?page_id=819"},"modified":"2016-07-22T18:13:10","modified_gmt":"2016-07-22T16:13:10","slug":"wildbienenernte","status":"publish","type":"page","link":"http:\/\/www.wild-und-honigbienen.de\/?page_id=819","title":{"rendered":"Wildbienenernte"},"content":{"rendered":"<p>18. September 2015\u00a0 Unser Mitglied, der Demeter Obstbauer Lothar Kr\u00e4mer <a href=\"http:\/\/www.bio-kraemer.de\" target=\"_blank\">www.bio-kraemer.de<\/a> in Meckenheim bei der Wildbienenernte.\u00a0 <span style=\"color: #006600; font-family: Arial,Helvetica,sans-serif; font-size: large;\">Termin Hoffest 2016: <strong>Sonntag 18.9.2016<\/strong><\/span><br \/>\n<a href=\"http:\/\/www.wild-und-honigbienen.de\/wp-content\/uploads\/2015\/09\/Bio_Kraemer_Meckenheim.jpg\" target=\"_blank\"><img loading=\"lazy\" decoding=\"async\" class=\"alignleft wp-image-822 size-large\" src=\"http:\/\/www.wild-und-honigbienen.de\/wp-content\/uploads\/2015\/09\/Bio_Kraemer_Meckenheim-1024x614.jpg\" alt=\"Bio_Kraemer_Meckenheim\" width=\"940\" height=\"564\" srcset=\"http:\/\/www.wild-und-honigbienen.de\/wp-content\/uploads\/2015\/09\/Bio_Kraemer_Meckenheim-1024x614.jpg 1024w, http:\/\/www.wild-und-honigbienen.de\/wp-content\/uploads\/2015\/09\/Bio_Kraemer_Meckenheim-300x180.jpg 300w, http:\/\/www.wild-und-honigbienen.de\/wp-content\/uploads\/2015\/09\/Bio_Kraemer_Meckenheim-500x300.jpg 500w, http:\/\/www.wild-und-honigbienen.de\/wp-content\/uploads\/2015\/09\/Bio_Kraemer_Meckenheim.jpg 1152w\" sizes=\"(max-width: 940px) 100vw, 940px\" \/><\/a><\/p>\n<p>Zu sehen sind die Gummimatten, die zusammen mit den Brettchen die Brutr\u00f6hren f\u00fcr die Mauerbienen bilden. Unten in der roten Kiste ist schon eine Menge an Kokons zusammen gekommen. Die Menge l\u00e4\u00dft sich pro Jahr vervierfachen. Die Kokons werden gewaschen und getrocknet. \u00dcber den Winter werden sie im K\u00fchlhaus aufbewahrt. Im n\u00e4chsten Fr\u00fchjahr k\u00f6nnen die Bienen aus Schutzk\u00e4figen (Schutz gegen V\u00f6gel) schl\u00fcpfen. Sie werden flei\u00dfig und gr\u00fcndlich best\u00e4uben und neue Brut anlegen. O.M.<\/p>\n<p><strong>&gt;&gt;&gt;&gt;<\/strong>Die Quelle f\u00fcr die <strong>Gummimatten<\/strong>:<br \/>\nNobert Taschner, Salamander Weg 6, 84034 Landshut; Tel: 49151\/56035250<br \/>\nE-Mail: <a href=\"mailto:info@nisthabitate.info\">info@nisthabitate.info<br \/>\n<\/a>Web: <a href=\"http:\/\/www.nisthabitate.info\" target=\"_blank\">www.nisthabitate.info<\/a> (die Webseite geht scheins nicht zuzeit)<br \/>\n&gt;<a href=\"http:\/\/www.wild-und-honigbienen.de\/wp-content\/uploads\/2015\/09\/NisthilfenTaschner.jpg\" target=\"_blank\">Artikel Nummer etc<\/a>\u00a0 &#8211; und &gt;\u00a0 <a href=\"http:\/\/www.online-artikel.de\/article\/nisthilfe-fuer-mauerbienen-zur-bluetenbestaeubung-im-erwerbsobstbau-84113-1.html\" target=\"_blank\">hier eine Beschreibung dieser Nisthilfen<\/a><\/p>\n<p>&nbsp;<\/p>\n<p><a href=\"http:\/\/www.mauerbienen.com\" target=\"_blank\">externer Link mit einigen Tipps www.mauerbienen.com<br \/>\n<\/a><br \/>\nund hier &gt; <a href=\"http:\/\/www.naturgartenfreude.de\/wildbienen\/nisthilfen\/\" target=\"_blank\">www.naturgartenfreude.de\/wildbienen\/nisthilfen\/<\/a><br \/>\nund hier &gt; <a href=\"http:\/\/www.naturgartenfreude.de\/wildbienen\/nisthilfen\/nutbrettchen\/\" target=\"_blank\">www.naturgartenfreude.de\/wildbienen\/nisthilfen\/nutbrettchen\/<\/a><\/p>\n<p>und auch hier &gt; bei <a href=\"http:\/\/www.hummelfreund.com\/alles-%C3%BCber-die-hummel\/hummelartige-insekten\/geh%C3%B6rnte-mauerbiene-mit-links-zu-bastelanleitungen-f%C3%BCr-nisthilfen\/\" target=\"_blank\">www.hummelfreund.com<\/a><\/p>\n<p>Hier ein \u00e4hnliches System: <a href=\"http:\/\/www.biodar.com.pl\/DE\/oferta_murarka_ogrodowa.php\" target=\"_blank\">www.biodar.com.pl\/DE\/oferta_murarka_ogrodowa.php<\/a><br \/>\nAuch mit Film &gt; <a href=\"http:\/\/www.biodar.com.pl\/DE\/galeria.php\" target=\"_blank\">www.biodar.com.pl\/DE\/galeria.php<br \/>\n<\/a>Wesentlich unpraktischer beim Entnehmen der Kokons, weil die Rillen nicht flexibel sind.<\/p>\n","protected":false},"excerpt":{"rendered":"<p>18. September 2015\u00a0 Unser Mitglied, der Demeter Obstbauer Lothar Kr\u00e4mer www.bio-kraemer.de in Meckenheim bei der Wildbienenernte.\u00a0 Termin Hoffest 2016: Sonntag 18.9.2016 Zu sehen sind die Gummimatten, die zusammen mit den Brettchen die Brutr\u00f6hren f\u00fcr die Mauerbienen bilden. Unten in der &hellip; <a class=\"more-link\" href=\"http:\/\/www.wild-und-honigbienen.de\/?page_id=819\">Weiterlesen <span class=\"meta-nav\">&rarr;<\/span><\/a><\/p>\n","protected":false},"author":1,"featured_media":0,"parent":0,"menu_order":0,"comment_status":"closed","ping_status":"open","template":"","meta":{"footnotes":""},"_links":{"self":[{"href":"http:\/\/www.wild-und-honigbienen.de\/index.php?rest_route=\/wp\/v2\/pages\/819"}],"collection":[{"href":"http:\/\/www.wild-und-honigbienen.de\/index.php?rest_route=\/wp\/v2\/pages"}],"about":[{"href":"http:\/\/www.wild-und-honigbienen.de\/index.php?rest_route=\/wp\/v2\/types\/page"}],"author":[{"embeddable":true,"href":"http:\/\/www.wild-und-honigbienen.de\/index.php?rest_route=\/wp\/v2\/users\/1"}],"replies":[{"embeddable":true,"href":"http:\/\/www.wild-und-honigbienen.de\/index.php?rest_route=%2Fwp%2Fv2%2Fcomments&post=819"}],"version-history":[{"count":20,"href":"http:\/\/www.wild-und-honigbienen.de\/index.php?rest_route=\/wp\/v2\/pages\/819\/revisions"}],"predecessor-version":[{"id":1100,"href":"http:\/\/www.wild-und-honigbienen.de\/index.php?rest_route=\/wp\/v2\/pages\/819\/revisions\/1100"}],"wp:attachment":[{"href":"http:\/\/www.wild-und-honigbienen.de\/index.php?rest_route=%2Fwp%2Fv2%2Fmedia&parent=819"}],"curies":[{"name":"wp","href":"https:\/\/api.w.org\/{rel}","templated":true}]}}