{"id":7,"date":"2014-10-14T11:33:43","date_gmt":"2014-10-14T09:33:43","guid":{"rendered":"http:\/\/www.wild-und-honigbienen.de\/?page_id=7"},"modified":"2026-03-29T19:49:44","modified_gmt":"2026-03-29T17:49:44","slug":"monatstreffentermine","status":"publish","type":"page","link":"http:\/\/www.wild-und-honigbienen.de\/?page_id=7","title":{"rendered":"Monatstreffen\/Termine"},"content":{"rendered":"<p><strong>Monatstreffen<br \/>\n<\/strong>Die Monatstreffen sind in der Regel \u00f6ffentlich. Sie fanden bisher statt am ersten Montag im Monat, ab 19.30 Uhr im Partyraum (im Keller) des Ernst-Moritz-Arndt-Gymnasiums, Bonn, Eingang Wegelerstra\u00dfe.<br \/>\nParkm\u00f6glichkeiten f\u00fcr Kraftfahrzeuge sind zurzeit sehr eingeschr\u00e4nkt wegen der Bauarbeiten der Schule.<\/p>\n<p><span style=\"font-size: 12pt; text-decoration: none; font-family: arial, helvetica, sans-serif; color: #000000;\">Ab Februar versuchen wir es dann mit einer anderen Uhrzeit und anderen \u00d6rtlichkeit f\u00fcr unser Treffen:<br \/>\n<\/span><\/p>\n<hr \/>\n<p><span style=\"font-size: 12pt; text-decoration: none; font-family: arial, helvetica, sans-serif; color: #000000;\">Wir treffen uns am <strong>Mittwoch, den 1. April um 18 Uhr\u00a0<\/strong>im <strong>Haus der Natur auf der Waldau in Ippendorf.<\/strong><\/span><\/p>\n<p><span style=\"font-size: 12pt; text-decoration: none; font-family: arial, helvetica, sans-serif; color: #000000;\">Es wird diesmal ein lockerer Austausch sein. Bestimmt gibt es schon jede Menge Fragen zu Imkerarbeiten!<\/span><\/p>\n<p><span style=\"font-size: 12pt; text-decoration: none; font-family: arial, helvetica, sans-serif; color: #000000;\">Schwarmlust wird diesmal vermutlich noch kein Thema sein, aber mindestens ein Drohnenrahmen sollte bereits eingeh\u00e4ngt und vielleicht sogar schon geschnitten sein.<\/span><\/p>\n<p><span style=\"font-size: 12pt; text-decoration: none; font-family: arial, helvetica, sans-serif; color: #000000;\">Sollte jemand am 1.4. vor verschlossener T\u00fcr stehen, dann bitte klingeln oder Friedel auf dem Handy anrufen!<\/span><\/p>\n<p>&nbsp;<\/p>\n<p><span style=\"text-decoration: none; font-family: arial, helvetica, sans-serif; color: #000000;\">Am Samstag, den<strong> 28. Februar<\/strong> l\u00e4dt der Kreisimkerverband zu einer gr\u00f6\u00dferen Veranstaltung im Rheinbacher Glasmuseum ein. Die Veranstaltung dauert von\u00a0<strong>11 bis 17 Uhr <\/strong>und Verpflegung ist vorgesehen. Um einen \u00dcberblick zu haben, wie viel Verpflegung ben\u00f6tigt wird, wird es daher noch eine mail mit der Bitte um Anmeldung geben. Bei dieser Veranstaltung geht es vornehmlich um Infos\u00a0<\/span><span style=\"text-decoration: none; font-family: arial, helvetica, sans-serif; color: #000000;\">zum EU-Zuchtprojekt Varroatoleranz\u00a0 <a href=\"https:\/\/varroaresistenzprojekt.eu\/\">Startseite &#8211; Varroaresistenz 2033 | Varroa 2033 <\/a>\u00a0geben &#8211; ein Flyer dazu ist in Vorbereitung.<\/span><\/p>\n<p><span style=\"font-size: 12pt; text-decoration: none; font-family: arial, helvetica, sans-serif; color: #000000;\">Merkt Euch diesen Termin bitte schon vor. Die Veranstaltung dient auch der Vernetzung mit anderen Imkervereinen aus unserer Region. Sie wird aus verbliebenen Finanzmitteln des Kreisimkerverbands (also auch unsere Mittel) bestritten.<\/span><\/p>\n<p>&nbsp;<\/p>\n<div>\n<hr \/>\n<\/div>\n<p><strong>Weitere Termine, an denen unser Verein beteiligt ist:<\/strong><\/p>\n<h3><strong>Fr\u00fchlingsfest im Melbgarten<\/strong><\/h3>\n<p><span style=\"font-size: 12pt; text-decoration: none; font-family: arial, helvetica, sans-serif; color: #000000;\">Am Sonntag, den 26. April 2026 ist wieder Fr\u00fchlingsfest im Melbgarten von 10-17 Uhr. Die einmalige Gelegenheit, den wundersch\u00f6nen Bot. Garten der Uni Bonn zu betreten &#8211; er ist sonst im Jahr nicht zug\u00e4nglich.<\/span><\/p>\n<p><span style=\"font-size: 12pt; text-decoration: none; font-family: arial, helvetica, sans-serif; color: #000000;\"><a href=\"https:\/\/www.botgart.uni-bonn.de\/de\/ihr-besuch\/veranstaltungen\/2026\/fruehlingsfest-im-melbgarten\" target=\"_blank\" rel=\"noopener\">https:\/\/www.botgart.uni-bonn.de\/de\/ihr-besuch\/veranstaltungen\/2026\/fruehlingsfest-im-melbgarten<\/a><\/span><\/p>\n<p>&nbsp;<\/p>\n<p><span style=\"font-size: 12pt; text-decoration: none; font-family: arial, helvetica, sans-serif; color: #000000;\">Gibt es jemand, der uns an unserem Imkerstand helfen m\u00f6chte\/kann?<\/span><\/p>\n<p><span style=\"font-size: 12pt; text-decoration: none; font-family: arial, helvetica, sans-serif; color: #000000;\">Das w\u00e4re prima! Meldet Euch gerne.\u00a0<\/span><\/p>\n<hr \/>\n<p><span style=\"font-size: 12pt; text-decoration: none; font-family: arial, helvetica, sans-serif; color: #000000;\">Am 11. Mai 2024 war Fr\u00fchlingsmarkt<br \/>\n<a href=\"https:\/\/www.bonn.de\/themen-entdecken\/umwelt-natur\/fruehlingsmarkt.php\" target=\"_blank\" rel=\"noopener\">&gt;Link zur Ank\u00fcndigung der Stadt Bonn&lt;<\/a><br \/>\n<\/span><\/p>\n<p>Zur Geschichte des Fr\u00fchlingsmarktes sei noch erg\u00e4nzt, dass sein Vorl\u00e4ufer viele Jahre das Fr\u00fchlingsfest mit dem Pflanzenverkauf in der alten Stadtg\u00e4rtnerei in Dransdorf war.<\/p>\n<hr \/>\n<p><strong>Online-Kurs<br \/>\nFaktencheck Vespa velutina<br \/>\nSonntag, 23. April 2023 16 bis ca. 21 Uhr<br \/>\n<a href=\"http:\/\/www.wild-und-honigbienen.de\/?p=2113\">&gt;Berichte und Filme davon&lt;<\/a><\/strong><\/p>\n<hr \/>\n<p>Vorsitzender:\u00a0 Friedel Mirbach<br \/>\nSchornsberg 11 \/ 53332 Bornheim<br \/>\nTel.: 0 22 22 \/6 26 68<br \/>\nFax: 0 22 22 \/98 92 40<br \/>\nE- Mail: <a title=\"Vorstand\" href=\"mailto:friedelmirbach@t-online.de\">friedelmirbach@t-online.de<\/a><\/p>\n<p><a href=\"http:\/\/www.wild-und-honigbienen.de\/wp-content\/uploads\/2014\/11\/bibi2.jpg\"><img loading=\"lazy\" decoding=\"async\" class=\"alignright wp-image-329 size-full\" src=\"http:\/\/www.wild-und-honigbienen.de\/wp-content\/uploads\/2014\/11\/bibi2.jpg\" alt=\"bibi2.jpg\" width=\"162\" height=\"92\" \/><\/a><\/p>\n<p>&nbsp;<\/p>\n<p>&nbsp;<\/p>\n","protected":false},"excerpt":{"rendered":"<p>Monatstreffen Die Monatstreffen sind in der Regel \u00f6ffentlich. Sie fanden bisher statt am ersten Montag im Monat, ab 19.30 Uhr im Partyraum (im Keller) des Ernst-Moritz-Arndt-Gymnasiums, Bonn, Eingang Wegelerstra\u00dfe. Parkm\u00f6glichkeiten f\u00fcr Kraftfahrzeuge sind zurzeit sehr eingeschr\u00e4nkt wegen der Bauarbeiten der &hellip; <a class=\"more-link\" href=\"http:\/\/www.wild-und-honigbienen.de\/?page_id=7\">Weiterlesen <span class=\"meta-nav\">&rarr;<\/span><\/a><\/p>\n","protected":false},"author":1,"featured_media":0,"parent":0,"menu_order":0,"comment_status":"closed","ping_status":"closed","template":"","meta":{"footnotes":""},"_links":{"self":[{"href":"http:\/\/www.wild-und-honigbienen.de\/index.php?rest_route=\/wp\/v2\/pages\/7"}],"collection":[{"href":"http:\/\/www.wild-und-honigbienen.de\/index.php?rest_route=\/wp\/v2\/pages"}],"about":[{"href":"http:\/\/www.wild-und-honigbienen.de\/index.php?rest_route=\/wp\/v2\/types\/page"}],"author":[{"embeddable":true,"href":"http:\/\/www.wild-und-honigbienen.de\/index.php?rest_route=\/wp\/v2\/users\/1"}],"replies":[{"embeddable":true,"href":"http:\/\/www.wild-und-honigbienen.de\/index.php?rest_route=%2Fwp%2Fv2%2Fcomments&post=7"}],"version-history":[{"count":261,"href":"http:\/\/www.wild-und-honigbienen.de\/index.php?rest_route=\/wp\/v2\/pages\/7\/revisions"}],"predecessor-version":[{"id":2468,"href":"http:\/\/www.wild-und-honigbienen.de\/index.php?rest_route=\/wp\/v2\/pages\/7\/revisions\/2468"}],"wp:attachment":[{"href":"http:\/\/www.wild-und-honigbienen.de\/index.php?rest_route=%2Fwp%2Fv2%2Fmedia&parent=7"}],"curies":[{"name":"wp","href":"https:\/\/api.w.org\/{rel}","templated":true}]}}