{"id":542,"date":"2015-01-28T21:46:49","date_gmt":"2015-01-28T19:46:49","guid":{"rendered":"http:\/\/www.wild-und-honigbienen.de\/?page_id=542"},"modified":"2026-03-24T15:09:59","modified_gmt":"2026-03-24T13:09:59","slug":"was-ist-eine-futterkranzprobe","status":"publish","type":"page","link":"http:\/\/www.wild-und-honigbienen.de\/?page_id=542","title":{"rendered":"Was ist eine Futterkranzprobe?"},"content":{"rendered":"<p>Was ist eine Futterkranzprobe (&#8222;FKP&#8220;)?<br \/>\nEine Futterkranzprobe dient dem Nachweis, dass ein Bienenvolk frei von der f\u00fcr die Bienen gef\u00e4hrlichen und hoch ansteckenden Krankheit Amerikanische Faulbrut (&#8222;AFB&#8220;) ist. Im Labor k\u00f6nnen bei infizierten oder bereits erkrankten V\u00f6lkern im Bienenfutter enthaltene Faulbrutsporen nachgewiesen werden.<br \/>\nWof\u00fcr braucht man eine Futterkranzprobe?<br \/>\nEine FKP wird vom Veterin\u00e4ramt\/Amtstierarzt offiziell angeordnet, wenn Verdacht auf einen AFB-Befall besteht, oder in der Nachbarschaft die Krankheit ausgebrochen ist.<br \/>\nEine FKP ist ebenfalls erforderlich, wenn ein Imker ein Gesundheitszeugnis f\u00fcr seine V\u00f6lker ben\u00f6tigt:<br \/>\n\u2022 Ein Gesundheitszeugnis<span style=\"color: #000000;\"> sollte <\/span>vorhanden sein, wenn V\u00f6lker verkauft werden.<br \/>\n\u2022 Es ist zudem vorgeschrieben, wenn V\u00f6lker aus ihrem Heimatkreis wegbewegt werden, z.B. wenn Trachtgebiete angewandert werden. In unserer Region gilt das auch f\u00fcr das Umstellen zwischen dem Gebiet der Stadt Bonn und dem Rhein-Sieg-Kreis. Das Gesundheitszeugnis dient dann als &#8222;Wanderbescheinigung&#8220;.<br \/>\n\u2022 Im Verein fordern wir schlie\u00dflich ein Gesundheitszeugnis auch dann, wenn wir V\u00f6lker mehrerer Imker f\u00fcr einen Sammelbrutableger zusammenstellen (siehe <a title=\"Kurs zur K\u00f6niginnenvermehrung\" href=\"http:\/\/www.wild-und-honigbienen.de\/?page_id=512\">&#8222;kommunale K\u00f6niginnenzucht&#8220;<\/a>).<br \/>\nWie sieht die Probenentnahme aus?<br \/>\n(Hinweis: Die Regelungen zur Probenentnahme und f\u00fcr die Ausstellung eines Gesundheitszeugnisses sind je Bundesland und teilweise auch je nach Landkreis unterschiedlich! Eine <a href=\"http:\/\/www.wild-und-honigbienen.de\/wp-content\/uploads\/2014\/10\/AFBFutterprobenInfo.pdf\" target=\"_blank\" rel=\"noopener noreferrer\">Info<\/a> des f\u00fcr uns zust\u00e4ndigen Bieneninstituts in Mayen findet sich im Bereich <a title=\"Downloads\" href=\"http:\/\/www.wild-und-honigbienen.de\/?page_id=13\" target=\"_blank\" rel=\"noopener noreferrer\">&#8222;Downloads&#8220; &#8211; dort auch das Begleitformular<\/a>.)<br \/>\nEs wird von den Bienen eingelagertes Futter direkt am Rand eines Brutnestes entnommen (deshalb &#8222;Futterkranzprobe&#8220;). Dazu wird z.B. mit einem Essl\u00f6ffel Futter einschlie\u00dflich Wachsanteilen \u00fcber jeweils mehrere Quadratzentimeter bis zur Mittelwand heraus geschabt und in einem Probenbecher gesammelt. In manchen Bundesl\u00e4ndern wird die Probe auch nur in einem Gefrierbeutel gesammelt, der zum sauberen Transport nochmals in einen zweiten Beutel gesteckt wird.<br \/>\nF\u00fcr eine einzelne Probe sind ca. 100 g Futter erforderlich, das ist ein voll gef\u00fcllter Probenbecher. Daf\u00fcr d\u00fcrfen Anteile von bis zu sechs V\u00f6lkern eines Standes gemischt werden.<br \/>\n<span style=\"color: #000000;\">Imker k\u00f6nnen freiwillige Proben selber erstellen und einsenden. Das berechtigt aber nicht zur Erstellung eines Gehundheitszeugnisses.<\/span><br \/>\n<span style=\"color: #000000;\"> Die Proben f\u00fcr Gesundheiszeugnisse m\u00fcssen von einem Bienensachverst\u00e4ndigen (&#8222;BSV&#8220;) genommen werden,<\/span> bzw. vom Imker im Beisein des BSV. Der BSV verschafft sich dabei auch einen Eindruck vom Gesamtzustand der V\u00f6lker, kann m\u00f6gliche andere Erkrankungen erkennen und ggf. Tipps f\u00fcr die Arbeit am Stand geben.<br \/>\n<span style=\"color: #008000;\"><span style=\"color: #000000;\">Einen BSV erreicht man \u00fcber das<\/span> <\/span>f\u00fcr den Ort des Bienenstandes zust\u00e4ndige Veterin\u00e4ramt &#8211; siehe unten.<br \/>\n<span style=\"color: #000000;\">Der BSV erstellt zur Probe das Begleitformular und sendet\u00a0 sie an das zust\u00e4ndige Bieneninstitut,<\/span> in unserem Fall an das Fachzentrum f\u00fcr Bienen und Imkerei in Mayen. Die Analyse in Mayen dauert i.d.R. wenige Wochen (je nach Auslastung). Wenn alles gut ist (Befund &#8222;negativ&#8220;) erh\u00e4lt der Imker direkt den Pr\u00fcfbericht mit der Post zugeschickt, ein einseitiges Schreiben. Falls eine AFB-Belastung festgestellt wurde, wird zus\u00e4tzlich der Amtstierarzt (Veterin\u00e4ramt \/ Landratsamt) informiert, der dann weitere Ma\u00dfnahmen einleitet.<br \/>\nWie bekomme ich mein Gesundheitszeugnis?<br \/>\nDer negative Probenbefund aus Mayen muss zusammen mit einem Formblatt <span style=\"color: #339966;\"><span style=\"color: #000000;\">&#8222;Antrag auf Amtstier\u00e4rztliche Bescheinigung<\/span> <\/span>an das Veterin\u00e4ramt geschickt oder dort vorgelegt werden<br \/>\n<span style=\"color: #339966;\"><a href=\"https:\/\/www.bonn.de\/vv\/produkte\/Bienenvoelker-Anmelden-Anzeigenpflicht-Wanderbescheinigung.php\">&gt;hier ein Vordruck f\u00fcr die Stadt Bonn &#8211; nur noch online&lt;<\/a><br \/>\n<a href=\"http:\/\/www.wild-und-honigbienen.de\/wp-content\/uploads\/2015\/03\/Antrag_Gesundheitszeugnis_Wandergenehmigung_RSK.pdf\" target=\"_blank\" rel=\"noopener noreferrer\">&gt;und hier ein Vordruck f\u00fcr den Rhein-Sieg-Kreis, den der BSV unterschreiben mu\u00df&lt;<\/a><\/span><\/p>\n<p><span style=\"color: #339966;\"><span style=\"color: #000000;\">Rhein-Sieg-Kreis:<\/span> <a href=\"https:\/\/www.rhein-sieg-kreis.de\/vv\/oe\/dezernat_4\/Veterinaer-_und_Lebensmittelueberwachungsamt\/index.php\" target=\"_blank\" rel=\"noopener noreferrer\">Veterin\u00e4ramt<\/a><\/span><br \/>\n<span style=\"color: #000000;\"> Stadt Bonn: <a href=\"https:\/\/www.bonn.de\/vv\/personen\/Veterinaeramt-8002.php\" target=\"_blank\" rel=\"noopener noreferrer\">Veterin\u00e4ramt<\/a><br \/>\n<\/span>Kreis Ahrweiler: <a href=\"http:\/\/www.kreis-ahrweiler.de\/abcmitarbeiter.php?abteilung=3.5\" target=\"_blank\" rel=\"noopener noreferrer\">Veterin\u00e4ramt<\/a><\/p>\n<p>Was kostet das?<br \/>\n<span style=\"color: #000000;\">Die Analyse der Probe aus bis zu 6 V\u00f6lkern (an einem Stand!) kostet derzeit regul\u00e4r ca. 28 \u20ac (2026).\u00a0<\/span><\/p>\n<p><strong>Aktuelle Regelung zur Erstattung von Ausgaben f\u00fcr Futterkranzproben<\/strong><\/p>\n<p>Unser Verein beteiligt sich an den Kosten seiner Mitglieder f\u00fcr die Laboranalysen von Futterkranzproben (Pr\u00fcfung auf Spuren der Amerikanischen Faulbrut). Unser Ziel ist es, damit die Bienengesundheit im Vereinsgebiet zu erhalten und zu verbessern.<\/p>\n<p>Das Fachzentrum Bienen in Mayen berechnet f\u00fcr die Analyse z.Zt. (2026) f\u00fcr eine Einzelprobe 28,00 \u20ac. Eine Einzelprobe kann dabei die Sammelprobe aus bis zu 6 V\u00f6lkern umfassen.<\/p>\n<p>Der Verein erstattet 50% des Rechnungsbetrages, bis zu einem H\u00f6chstbetrag von maximal 50,00 \u20ac je Mitglied und Kalenderjahr. Zur Erstattung bitte eine Kopie der Rechnung aus Mayen via E-Mail an den Kassenwart senden: <a href=\"mailto:wihobi@t-online.de\">wihobi@t-online.de<\/a><\/p>\n<p>Der BSV kann eine Aufwandsentsch\u00e4digung in Rechnung stellen.<\/p>\n<p>Daneben hat der Verein zur allgemeinen Gesundheitsvorsorge ein Kontingent an kostenlosen Proben. Die daf\u00fcr vorgesehenen Probenbecher werden i.d.R. bei einem monatlichen Imkertreff im Sp\u00e4tsommer verteilt. Ein Kriterium zur Vergabe ist u.a. die m\u00f6glichst gro\u00dffl\u00e4chige Abdeckung unseres regionalen Einzugsbereichs durch entsprechende Stichproben.<br \/>\nF\u00fcr das Gesundheitszeugnis vom Landratsamt Rhein-Sieg\/der Stadt Bonn wird eine weitere Geb\u00fchr von ca. 5 \u20ac (Bonn) bzw. ca. 10 \u20ac (Rhein-Sieg) f\u00e4llig (ohne Gew\u00e4hr f\u00fcr die \u20ac H\u00f6he)<br \/>\nDas Gesundheitszeugnis gilt 9 Monate. Eine Probe aus dem Sp\u00e4tsommer \u00fcberbr\u00fcckt also z.B. die gesamte Trachtzeit des Folgejahres.<\/p>\n<p>Probenbecher, Stk. 15 Cent hat Olaf M\u00fcller auf Vorrat<br \/>\n&gt; <a href=\"mailto:webmaster@wild-und-honigbienen.de\">webmaster@wild-und-honigbienen.de<\/a><\/p>\n<p>Dank an Rainer Kell f\u00fcr den Entwurf dieses Textes.<\/p>\n","protected":false},"excerpt":{"rendered":"<p>Was ist eine Futterkranzprobe (&#8222;FKP&#8220;)? Eine Futterkranzprobe dient dem Nachweis, dass ein Bienenvolk frei von der f\u00fcr die Bienen gef\u00e4hrlichen und hoch ansteckenden Krankheit Amerikanische Faulbrut (&#8222;AFB&#8220;) ist. Im Labor k\u00f6nnen bei infizierten oder bereits erkrankten V\u00f6lkern im Bienenfutter enthaltene &hellip; <a class=\"more-link\" href=\"http:\/\/www.wild-und-honigbienen.de\/?page_id=542\">Weiterlesen <span class=\"meta-nav\">&rarr;<\/span><\/a><\/p>\n","protected":false},"author":1,"featured_media":0,"parent":0,"menu_order":0,"comment_status":"closed","ping_status":"open","template":"","meta":{"footnotes":""},"_links":{"self":[{"href":"http:\/\/www.wild-und-honigbienen.de\/index.php?rest_route=\/wp\/v2\/pages\/542"}],"collection":[{"href":"http:\/\/www.wild-und-honigbienen.de\/index.php?rest_route=\/wp\/v2\/pages"}],"about":[{"href":"http:\/\/www.wild-und-honigbienen.de\/index.php?rest_route=\/wp\/v2\/types\/page"}],"author":[{"embeddable":true,"href":"http:\/\/www.wild-und-honigbienen.de\/index.php?rest_route=\/wp\/v2\/users\/1"}],"replies":[{"embeddable":true,"href":"http:\/\/www.wild-und-honigbienen.de\/index.php?rest_route=%2Fwp%2Fv2%2Fcomments&post=542"}],"version-history":[{"count":25,"href":"http:\/\/www.wild-und-honigbienen.de\/index.php?rest_route=\/wp\/v2\/pages\/542\/revisions"}],"predecessor-version":[{"id":2454,"href":"http:\/\/www.wild-und-honigbienen.de\/index.php?rest_route=\/wp\/v2\/pages\/542\/revisions\/2454"}],"wp:attachment":[{"href":"http:\/\/www.wild-und-honigbienen.de\/index.php?rest_route=%2Fwp%2Fv2%2Fmedia&parent=542"}],"curies":[{"name":"wp","href":"https:\/\/api.w.org\/{rel}","templated":true}]}}