{"id":282,"date":"2014-10-22T18:43:48","date_gmt":"2014-10-22T16:43:48","guid":{"rendered":"http:\/\/www.wild-und-honigbienen.de\/?page_id=282"},"modified":"2015-06-27T23:52:00","modified_gmt":"2015-06-27T21:52:00","slug":"imkerei-und-verein","status":"publish","type":"page","link":"http:\/\/www.wild-und-honigbienen.de\/?page_id=282","title":{"rendered":"Imkerei und Verein"},"content":{"rendered":"<p style=\"text-align: center;\">Bilder aus Imkerei und Verein<br \/>\n\n\t\t<!-- MasterSlider -->\n\t\t<div id=\"P_MS69e35be146e48\" class=\"master-slider-parent msl ms-parent-id-4\" style=\"max-width:900px;\">\n\n\t\t\t\n\t\t\t<!-- MasterSlider Main -->\n\t\t\t<div id=\"MS69e35be146e48\" class=\"master-slider ms-skin-default\" >\n\t\t\t\t \t\t\t\t \n\t\t\t\t<div  class=\"ms-slide\" data-delay=\"4.5\" data-fill-mode=\"fit\"  >\n\t\t\t\t\t<img decoding=\"async\" src=\"http:\/\/www.wild-und-honigbienen.de\/wp-content\/plugins\/master-slider\/public\/assets\/css\/blank.gif\" alt=\"\" title=\"\" data-src=\"http:\/\/www.wild-und-honigbienen.de\/wp-content\/uploads\/2014\/10\/IMG_14901.jpg\" \/>\n\n\t\t\t\t\t<div class=\"ms-info\"><h4 style=\"padding-left: 30px; text-align: center;\"><span style=\"color: #000000;\">Bienenstand am Rapsfeld. Im Hintergrund das Siebengebirge.<br \/><\/span><\/h4><\/div>\n\n\n\t<div class=\"ms-thumb\" ><div class=\"ms-tab-context\"><div class=&quot;ms-tab-context&quot;><\/div><\/div>\n<\/div>\n\t\t\t\t<\/div>\n\t\t\t\t<div  class=\"ms-slide\" data-delay=\"4.4\" data-fill-mode=\"fit\"  >\n\t\t\t\t\t<img decoding=\"async\" src=\"http:\/\/www.wild-und-honigbienen.de\/wp-content\/plugins\/master-slider\/public\/assets\/css\/blank.gif\" alt=\"\" title=\"\" data-src=\"http:\/\/www.wild-und-honigbienen.de\/wp-content\/uploads\/2014\/10\/Schaukasten2005.jpg\" \/>\n\n\t\t\t\t\t<div class=\"ms-info\"><h4 style=\"text-align: center;\"><span style=\"color: #ffffff;\"><span style=\"color: #000000;\">Bienen im Kasten schauen.<\/span><br \/><\/span><\/h4><\/div>\n\n\n\t<div class=\"ms-thumb\" ><div class=\"ms-tab-context\"><div class=&quot;ms-tab-context&quot;><\/div><\/div>\n<\/div>\n\t\t\t\t<\/div>\n\t\t\t\t<div  class=\"ms-slide\" data-delay=\"4.5\" data-fill-mode=\"fit\"  >\n\t\t\t\t\t<img decoding=\"async\" src=\"http:\/\/www.wild-und-honigbienen.de\/wp-content\/plugins\/master-slider\/public\/assets\/css\/blank.gif\" alt=\"\" title=\"\" data-src=\"http:\/\/www.wild-und-honigbienen.de\/wp-content\/uploads\/2014\/10\/versammlung.jpg\" \/>\n\n\t\t\t\t\t<div class=\"ms-info\"><h4 style=\"text-align: center;\"><span style=\"color: #000000;\">Versammlung im Garten 2005<\/span><\/h4><\/div>\n\n\n\t<div class=\"ms-thumb\" ><div class=\"ms-tab-context\"><div class=&quot;ms-tab-context&quot;><\/div><\/div>\n<\/div>\n\t\t\t\t<\/div>\n\t\t\t\t<div  class=\"ms-slide\" data-delay=\"4.5\" data-fill-mode=\"fit\"  >\n\t\t\t\t\t<img decoding=\"async\" src=\"http:\/\/www.wild-und-honigbienen.de\/wp-content\/plugins\/master-slider\/public\/assets\/css\/blank.gif\" alt=\"\" title=\"\" data-src=\"http:\/\/www.wild-und-honigbienen.de\/wp-content\/uploads\/2014\/10\/bienen_start.jpg\" \/>\n\n\t\t\t\t\t<div class=\"ms-info\"><h4 style=\"text-align: center;\"><span style=\"color: #000000;\">Jungimkerin vor ihren neuen Bienenv\u00f6lkern<br \/><\/span><\/h4><\/div>\n\n\n\t<div class=\"ms-thumb\" ><div class=\"ms-tab-context\"><div class=&quot;ms-tab-context&quot;><\/div><\/div>\n<\/div>\n\t\t\t\t<\/div>\n\t\t\t\t<div  class=\"ms-slide\" data-delay=\"4.5\" data-fill-mode=\"fit\"  >\n\t\t\t\t\t<img decoding=\"async\" src=\"http:\/\/www.wild-und-honigbienen.de\/wp-content\/plugins\/master-slider\/public\/assets\/css\/blank.gif\" alt=\"\" title=\"\" data-src=\"http:\/\/www.wild-und-honigbienen.de\/wp-content\/uploads\/2014\/10\/44.jpg\" \/>\n\n\t\t\t\t\t<div class=\"ms-info\"><h4 style=\"text-align: center;\"><span style=\"color: #000000;\">Kugelkerze Nr. 44 aus Bienenwachs - Abbrenntest<br \/><\/span><\/h4><\/div>\n\n\n\t<div class=\"ms-thumb\" ><div class=\"ms-tab-context\"><div class=&quot;ms-tab-context&quot;><\/div><\/div>\n<\/div>\n\t\t\t\t<\/div>\n\t\t\t\t<div  class=\"ms-slide\" data-delay=\"4.4\" data-fill-mode=\"fit\"  >\n\t\t\t\t\t<img decoding=\"async\" src=\"http:\/\/www.wild-und-honigbienen.de\/wp-content\/plugins\/master-slider\/public\/assets\/css\/blank.gif\" alt=\"\" title=\"\" data-src=\"http:\/\/www.wild-und-honigbienen.de\/wp-content\/uploads\/2014\/10\/FRMarkt.jpg\" \/>\n\n\t\t\t\t\t<div class=\"ms-info\"><h4 style=\"text-align: center;\"><span style=\"color: #000000;\">Auf dem Bonner Fr\u00fchlingsmarkt - in welchem Jahr?<br \/><\/span><\/h4><\/div>\n\n\n\t<div class=\"ms-thumb\" ><div class=\"ms-tab-context\"><div class=&quot;ms-tab-context&quot;><\/div><\/div>\n<\/div>\n\t\t\t\t<\/div>\n\t\t\t\t<div  class=\"ms-slide\" data-delay=\"4.4\" data-fill-mode=\"fit\"  >\n\t\t\t\t\t<img decoding=\"async\" src=\"http:\/\/www.wild-und-honigbienen.de\/wp-content\/plugins\/master-slider\/public\/assets\/css\/blank.gif\" alt=\"\" title=\"\" data-src=\"http:\/\/www.wild-und-honigbienen.de\/wp-content\/uploads\/2014\/10\/Beschwoer.jpg\" \/>\n\n\t\t\t\t\t<div class=\"ms-info\"><h4 style=\"text-align: center;\"><span style=\"color: #000000;\">Die Kunst Bienenschw\u00e4rme einzufangen.<br \/><\/span><\/h4><\/div>\n\n\n\t<div class=\"ms-thumb\" ><div class=\"ms-tab-context\"><div class=&quot;ms-tab-context&quot;><\/div><\/div>\n<\/div>\n\t\t\t\t<\/div>\n\t\t\t\t<div  class=\"ms-slide\" data-delay=\"4.5\" data-fill-mode=\"fit\"  >\n\t\t\t\t\t<img decoding=\"async\" src=\"http:\/\/www.wild-und-honigbienen.de\/wp-content\/plugins\/master-slider\/public\/assets\/css\/blank.gif\" alt=\"\" title=\"\" data-src=\"http:\/\/www.wild-und-honigbienen.de\/wp-content\/uploads\/2014\/10\/Bienengift1.jpg\" \/>\n\n\t\t\t\t\t<div class=\"ms-info\"><h4 style=\"text-align: center;\"><span style=\"color: #000000;\">Bienengiftsammeln - Foto: Nicole Saturna<br \/><\/span><\/h4><\/div>\n\n\n\t<div class=\"ms-thumb\" ><div class=\"ms-tab-context\"><div class=&quot;ms-tab-context&quot;><\/div><\/div>\n<\/div>\n\t\t\t\t<\/div>\n\t\t\t\t<div  class=\"ms-slide\" data-delay=\"4.5\" data-fill-mode=\"fit\"  >\n\t\t\t\t\t<img decoding=\"async\" src=\"http:\/\/www.wild-und-honigbienen.de\/wp-content\/plugins\/master-slider\/public\/assets\/css\/blank.gif\" alt=\"\" title=\"\" data-src=\"http:\/\/www.wild-und-honigbienen.de\/wp-content\/uploads\/2014\/10\/IMG_14511.jpg\" \/>\n\n\t\t\t\t\t<div class=\"ms-info\"><h4 style=\"text-align: center;\"><span style=\"color: #000000;\"><strong>stolzer Jungimker<\/strong><\/span><\/h4><\/div>\n\n\n\t<div class=\"ms-thumb\" ><div class=\"ms-tab-context\"><div class=&quot;ms-tab-context&quot;><\/div><\/div>\n<\/div>\n\t\t\t\t<\/div>\n\t\t\t\t<div  class=\"ms-slide\" data-delay=\"4.5\" data-fill-mode=\"fit\"  >\n\t\t\t\t\t<img decoding=\"async\" src=\"http:\/\/www.wild-und-honigbienen.de\/wp-content\/plugins\/master-slider\/public\/assets\/css\/blank.gif\" alt=\"\" title=\"\" data-src=\"http:\/\/www.wild-und-honigbienen.de\/wp-content\/uploads\/2014\/10\/Bienenschau1.jpg\" \/>\n\n\t\t\t\t\t<div class=\"ms-info\"><h4 style=\"text-align: center;\"><span style=\"color: #ffffff;\"><span style=\"color: #000000;\">Bienenschau im <span style=\"text-decoration: underline;\"><a style=\"color: #000000; text-decoration: underline;\" href=\"http:\/\/www.arboretum-haerle.de\/\" target=\"_blank\">Arboretum Bonn- Oberkassel<\/a><\/span><\/span><br \/><\/span><\/h4><\/div>\n\n\n\t<div class=\"ms-thumb\" ><div class=\"ms-tab-context\"><div class=&quot;ms-tab-context&quot;><\/div><\/div>\n<\/div>\n\t\t\t\t<\/div>\n\t\t\t\t<div  class=\"ms-slide\" data-delay=\"4.6\" data-fill-mode=\"fit\"  >\n\t\t\t\t\t<img decoding=\"async\" src=\"http:\/\/www.wild-und-honigbienen.de\/wp-content\/plugins\/master-slider\/public\/assets\/css\/blank.gif\" alt=\"\" title=\"\" data-src=\"http:\/\/www.wild-und-honigbienen.de\/wp-content\/uploads\/2014\/10\/Verk_Stand2.jpg\" \/>\n\n\t\t\t\t\t<div class=\"ms-info\"><h4 style=\"text-align: center;\"><span style=\"color: #ffffff;\"><span style=\"color: #000000;\">J\u00fcrgen Hansens Verkaufsstand auf Weihnachtsmarkt in Endenich.<\/span><br \/><\/span><\/h4><\/div>\n\n\n\t<div class=\"ms-thumb\" ><div class=\"ms-tab-context\"><div class=&quot;ms-tab-context&quot;><\/div><\/div>\n<\/div>\n\t\t\t\t<\/div>\n\t\t\t\t<div  class=\"ms-slide\" data-delay=\"4.5\" data-fill-mode=\"fit\"  >\n\t\t\t\t\t<img decoding=\"async\" src=\"http:\/\/www.wild-und-honigbienen.de\/wp-content\/plugins\/master-slider\/public\/assets\/css\/blank.gif\" alt=\"\" title=\"\" data-src=\"http:\/\/www.wild-und-honigbienen.de\/wp-content\/uploads\/2014\/10\/PICT0032.jpg\" \/>\n\n\t\t\t\t\t<div class=\"ms-info\"><h4 style=\"text-align: center;\"><span style=\"color: #000000;\">Vereinsfahrt nach Norden - u.a. Besuch einer Korbimkrei<\/span><\/h4><\/div>\n\n\n\t<div class=\"ms-thumb\" ><div class=\"ms-tab-context\"><div class=&quot;ms-tab-context&quot;><\/div><\/div>\n<\/div>\n\t\t\t\t<\/div>\n\t\t\t\t<div  class=\"ms-slide\" data-delay=\"4.5\" data-fill-mode=\"fit\"  >\n\t\t\t\t\t<img decoding=\"async\" src=\"http:\/\/www.wild-und-honigbienen.de\/wp-content\/plugins\/master-slider\/public\/assets\/css\/blank.gif\" alt=\"\" title=\"\" data-src=\"http:\/\/www.wild-und-honigbienen.de\/wp-content\/uploads\/2014\/10\/KorbKlein21.jpg\" \/>\n\n\t\t\t\t\t<div class=\"ms-info\"><h4 style=\"text-align: center;\"><span style=\"color: #000000;\">Eigener Versuch mit einem Bienenkorb.<br \/><\/span><\/h4><\/div>\n\n\n\t<div class=\"ms-thumb\" ><div class=\"ms-tab-context\"><div class=&quot;ms-tab-context&quot;><\/div><\/div>\n<\/div>\n\t\t\t\t<\/div>\n\t\t\t\t<div  class=\"ms-slide\" data-delay=\"4.6\" data-fill-mode=\"fit\"  >\n\t\t\t\t\t<img decoding=\"async\" src=\"http:\/\/www.wild-und-honigbienen.de\/wp-content\/plugins\/master-slider\/public\/assets\/css\/blank.gif\" alt=\"\" title=\"\" data-src=\"http:\/\/www.wild-und-honigbienen.de\/wp-content\/uploads\/2014\/10\/Korb2004Klein1.jpg\" \/>\n\n\t\t\t\t\t<div class=\"ms-info\"><h4 style=\"text-align: center;\"><span style=\"color: #000000;\">Im Korb nach vier Wochen Bauzeit. Etwas wirr der Wabenbau.<br \/><\/span><\/h4><\/div>\n\n\n\t<div class=\"ms-thumb\" ><div class=\"ms-tab-context\"><div class=&quot;ms-tab-context&quot;><\/div><\/div>\n<\/div>\n\t\t\t\t<\/div>\n\t\t\t\t<div  class=\"ms-slide\" data-delay=\"4.6\" data-fill-mode=\"fit\"  >\n\t\t\t\t\t<img decoding=\"async\" src=\"http:\/\/www.wild-und-honigbienen.de\/wp-content\/plugins\/master-slider\/public\/assets\/css\/blank.gif\" alt=\"\" title=\"\" data-src=\"http:\/\/www.wild-und-honigbienen.de\/wp-content\/uploads\/2014\/10\/Bienenkater.jpg\" \/>\n\n\t\t\t\t\t<div class=\"ms-info\"><h4 style=\"text-align: center;\"><span style=\"color: #000000;\">Gem\u00fctlich auf den Bienenk\u00e4sten<br \/><\/span><\/h4><\/div>\n\n\n\t<div class=\"ms-thumb\" ><div class=\"ms-tab-context\"><div class=&quot;ms-tab-context&quot;><\/div><\/div>\n<\/div>\n\t\t\t\t<\/div>\n\t\t\t\t<div  class=\"ms-slide\" data-delay=\"6\" data-fill-mode=\"fit\"  >\n\t\t\t\t\t<img decoding=\"async\" src=\"http:\/\/www.wild-und-honigbienen.de\/wp-content\/plugins\/master-slider\/public\/assets\/css\/blank.gif\" alt=\"\" title=\"\" data-src=\"http:\/\/www.wild-und-honigbienen.de\/wp-content\/uploads\/2014\/10\/FW2012.jpg\" \/>\n\n\t\t\t\t\t<div class=\"ms-info\"><h4 style=\"text-align: center;\"><span style=\"color: #000000;\">K\u00e4lte am Anfang des Winters ist gut f\u00fcr die Bienenv\u00f6lker. <\/span><\/h4><h4 style=\"text-align: center;\"><span style=\"color: #000000;\">Dann kommen sie wirklich zur Ruhe.\u00a0 K\u00f6nnte auch f\u00fcr die Menschen gelten.<\/span><\/h4><\/div>\n\n\n\t<div class=\"ms-thumb\" ><div class=\"ms-tab-context\"><div class=&quot;ms-tab-context&quot;><\/div><\/div>\n<\/div>\n\t\t\t\t<\/div>\n\t\t\t\t<div  class=\"ms-slide\" data-delay=\"4.5\" data-fill-mode=\"fit\"  >\n\t\t\t\t\t<img decoding=\"async\" src=\"http:\/\/www.wild-und-honigbienen.de\/wp-content\/plugins\/master-slider\/public\/assets\/css\/blank.gif\" alt=\"\" title=\"\" data-src=\"http:\/\/www.wild-und-honigbienen.de\/wp-content\/uploads\/2014\/10\/lieblingsarbeit1.jpg\" \/>\n\n\t\t\t\t\t<div class=\"ms-info\"><h4 style=\"text-align: center;\"><span style=\"color: #000000;\">Eine der Lieblingsarbeiten: das Etikettenkleben.<br \/><\/span><\/h4><h4 style=\"text-align: center;\"><span style=\"color: #000000;\">Man kann Radio h\u00f6ren. Lieblingssender: <\/span><a href=\"http:\/\/www.veniceclassicradio.eu\" target=\"_blank\">www.veniceclassicradio.eu<\/a><\/h4><\/div>\n\n\n\t<div class=\"ms-thumb\" ><div class=\"ms-tab-context\"><div class=&quot;ms-tab-context&quot;><\/div><\/div>\n<\/div>\n\t\t\t\t<\/div>\n\t\t\t\t<div  class=\"ms-slide\" data-delay=\"4.5\" data-fill-mode=\"fit\"  >\n\t\t\t\t\t<img decoding=\"async\" src=\"http:\/\/www.wild-und-honigbienen.de\/wp-content\/plugins\/master-slider\/public\/assets\/css\/blank.gif\" alt=\"\" title=\"\" data-src=\"http:\/\/www.wild-und-honigbienen.de\/wp-content\/uploads\/2014\/10\/WachsSchmelz.jpg\" \/>\n\n\t\t\t\t\t<div class=\"ms-info\"><h4 style=\"text-align: center;\"><span style=\"color: #000000;\">Der Wachsschmelzer als er noch jung und sch\u00f6n war.<br \/><\/span><\/h4><h4 style=\"text-align: center;\"><span style=\"color: #000000;\">Das Ger\u00e4t und auch der Mensch.<\/span><\/h4><\/div>\n\n\n\t<div class=\"ms-thumb\" ><div class=\"ms-tab-context\"><div class=&quot;ms-tab-context&quot;><\/div><\/div>\n<\/div>\n\t\t\t\t<\/div>\n\t\t\t\t<div  class=\"ms-slide\" data-delay=\"4.5\" data-fill-mode=\"fit\"  >\n\t\t\t\t\t<img decoding=\"async\" src=\"http:\/\/www.wild-und-honigbienen.de\/wp-content\/plugins\/master-slider\/public\/assets\/css\/blank.gif\" alt=\"\" title=\"\" data-src=\"http:\/\/www.wild-und-honigbienen.de\/wp-content\/uploads\/2014\/10\/PICT0014.jpg\" \/>\n\n\t\t\t\t\t<div class=\"ms-info\"><h4 style=\"text-align: center;\"><span style=\"color: #000000;\">Aus dem Vortrag von Ludger Reining;<br \/><\/span><\/h4><h4 style=\"text-align: center;\"><span style=\"color: #000000;\">Imkerin in Afrika. Der Bienenkasten h\u00e4ngt im Baum.<\/span><\/h4><\/div>\n\n\n\t<div class=\"ms-thumb\" ><div class=\"ms-tab-context\"><div class=&quot;ms-tab-context&quot;><\/div><\/div>\n<\/div>\n\t\t\t\t<\/div>\n\t\t\t\t<div  class=\"ms-slide\" data-delay=\"4.5\" data-fill-mode=\"fit\"  >\n\t\t\t\t\t<img decoding=\"async\" src=\"http:\/\/www.wild-und-honigbienen.de\/wp-content\/plugins\/master-slider\/public\/assets\/css\/blank.gif\" alt=\"\" title=\"\" data-src=\"http:\/\/www.wild-und-honigbienen.de\/wp-content\/uploads\/2014\/10\/IMAG0045.jpg\" \/>\n\n\t\t\t\t\t<div class=\"ms-info\"><h4 style=\"text-align: center;\"><span style=\"color: #000000;\">Eine Brutwabe:\u00a0 oben ein Teil der Honigkappe, <\/span><\/h4><h4 style=\"text-align: center;\"><span style=\"color: #000000;\">darunter ein schmaler Pollenkranz, in der Mitte die Brutfl\u00e4che.<\/span><\/h4><\/div>\n\n\n\t<div class=\"ms-thumb\" ><div class=\"ms-tab-context\"><div class=&quot;ms-tab-context&quot;><\/div><\/div>\n<\/div>\n\t\t\t\t<\/div>\n\t\t\t\t<div  class=\"ms-slide\" data-delay=\"4.6\" data-fill-mode=\"fit\"  >\n\t\t\t\t\t<img decoding=\"async\" src=\"http:\/\/www.wild-und-honigbienen.de\/wp-content\/plugins\/master-slider\/public\/assets\/css\/blank.gif\" alt=\"\" title=\"\" data-src=\"http:\/\/www.wild-und-honigbienen.de\/wp-content\/uploads\/2014\/11\/Aumeier_7_2012.jpg\" \/>\n\n\t\t\t\t\t<div class=\"ms-info\"><div style=\"text-align: center;\"><span style=\"color: #000000;\">Dr. Pia Aumeier bei ihrem gro\u00dfen Vortrag mit Bienen zu unserem Monatstreffen<\/span><\/div><\/div>\n\n\n\t<div class=\"ms-thumb\" ><div class=\"ms-tab-context\"><div class=&quot;ms-tab-context&quot;><\/div><\/div>\n<\/div>\n\t\t\t\t<\/div>\n\n\t\t\t<\/div>\n\t\t\t<!-- END MasterSlider Main -->\n\n\t\t\t \n\t\t<\/div>\n\t\t<!-- END MasterSlider -->\n\n\t\t<script>\n\t\t(function ( $ ) {\n\t\t\t\"use strict\";\n\n\t\t\t$(function () {\n\t\t\t\tvar masterslider_6e48 = new MasterSlider();\n\n\t\t\t\t\/\/ slider controls\n\t\t\t\tmasterslider_6e48.control('arrows'     ,{ autohide:true, overVideo:true , hideUnder:600 });\t\t\t\tmasterslider_6e48.control('bullets'    ,{ autohide:true, overVideo:true, dir:'h', align:'bottom' , margin:10 , hideUnder:400 });\n\n\t\t\t\tmasterslider_6e48.control('slideinfo'  ,{ autohide:false, overVideo:true, dir:'h', align:'top',inset:false  , hideUnder:400 , size:60 });\n\t\t\t\t\/\/ slider setup\n\t\t\t\tmasterslider_6e48.setup(\"MS69e35be146e48\", {\n\t\t\t\t\t\twidth           : 900,\n\t\t\t\t\t\theight          : 600,\n\t\t\t\t\t\tminHeight       : 0,\n\t\t\t\t\t\tspace           : 0,\n\t\t\t\t\t\tstart           : 1,\n\t\t\t\t\t\tgrabCursor      : true,\n\t\t\t\t\t\tswipe           : true,\n\t\t\t\t\t\tmouse           : true,\n\t\t\t\t\t\tlayout          : \"boxed\",\n\t\t\t\t\t\twheel           : false,\n\t\t\t\t\t\tautoplay        : true,\n\t\t\t\t\t\tinstantStartLayers:false,\n\t\t\t\t\t\tloop            : true,\n\t\t\t\t\t\tshuffle         : false,\n\t\t\t\t\t\tpreload         : 0,\n\t\t\t\t\t\theightLimit     : true,\n\t\t\t\t\t\tautoHeight      : false,\n\t\t\t\t\t\tsmoothHeight    : true,\n\t\t\t\t\t\tendPause        : false,\n\t\t\t\t\t\toverPause       : true,\n\t\t\t\t\t\tfillMode        : \"fill\",\n\t\t\t\t\t\tcenterControls  : true,\n\t\t\t\t\t\tstartOnAppear   : false,\n\t\t\t\t\t\tlayersMode      : \"center\",\n\t\t\t\t\t\thideLayers      : false,\n\t\t\t\t\t\tfullscreenMargin: 0,\n\t\t\t\t\t\tspeed           : 20,\n\t\t\t\t\t\tdir             : \"h\",\n\t\t\t\t\t\tparallaxMode    : 'swipe',\n\t\t\t\t\t\tview            : \"basic\"\n\t\t\t\t});\n\n\t\t\t\t\n\t\t\t\twindow.masterslider_instances = window.masterslider_instances || [];\n\t\t\t\twindow.masterslider_instances.push( masterslider_6e48 );\n\t\t\t });\n\n\t\t})(jQuery);\n\t\t<\/script>\n\n<\/p>\n","protected":false},"excerpt":{"rendered":"<p>Bilder aus Imkerei und Verein &hellip; <a class=\"more-link\" href=\"http:\/\/www.wild-und-honigbienen.de\/?page_id=282\">Weiterlesen <span class=\"meta-nav\">&rarr;<\/span><\/a><\/p>\n","protected":false},"author":1,"featured_media":0,"parent":11,"menu_order":0,"comment_status":"closed","ping_status":"open","template":"","meta":{"footnotes":""},"_links":{"self":[{"href":"http:\/\/www.wild-und-honigbienen.de\/index.php?rest_route=\/wp\/v2\/pages\/282"}],"collection":[{"href":"http:\/\/www.wild-und-honigbienen.de\/index.php?rest_route=\/wp\/v2\/pages"}],"about":[{"href":"http:\/\/www.wild-und-honigbienen.de\/index.php?rest_route=\/wp\/v2\/types\/page"}],"author":[{"embeddable":true,"href":"http:\/\/www.wild-und-honigbienen.de\/index.php?rest_route=\/wp\/v2\/users\/1"}],"replies":[{"embeddable":true,"href":"http:\/\/www.wild-und-honigbienen.de\/index.php?rest_route=%2Fwp%2Fv2%2Fcomments&post=282"}],"version-history":[{"count":2,"href":"http:\/\/www.wild-und-honigbienen.de\/index.php?rest_route=\/wp\/v2\/pages\/282\/revisions"}],"predecessor-version":[{"id":362,"href":"http:\/\/www.wild-und-honigbienen.de\/index.php?rest_route=\/wp\/v2\/pages\/282\/revisions\/362"}],"up":[{"embeddable":true,"href":"http:\/\/www.wild-und-honigbienen.de\/index.php?rest_route=\/wp\/v2\/pages\/11"}],"wp:attachment":[{"href":"http:\/\/www.wild-und-honigbienen.de\/index.php?rest_route=%2Fwp%2Fv2%2Fmedia&parent=282"}],"curies":[{"name":"wp","href":"https:\/\/api.w.org\/{rel}","templated":true}]}}