{"id":254,"date":"2014-10-22T17:32:38","date_gmt":"2014-10-22T15:32:38","guid":{"rendered":"http:\/\/www.wild-und-honigbienen.de\/?page_id=254"},"modified":"2015-06-27T23:51:31","modified_gmt":"2015-06-27T21:51:31","slug":"bienenbilder","status":"publish","type":"page","link":"http:\/\/www.wild-und-honigbienen.de\/?page_id=254","title":{"rendered":"Bienenbilder"},"content":{"rendered":"<p style=\"text-align: center;\">Bilder von Honigbienen<br \/>\n\n\t\t<!-- MasterSlider -->\n\t\t<div id=\"P_MS69e0f1015951f\" class=\"master-slider-parent msl ms-parent-id-3\" style=\"max-width:900px;\">\n\n\t\t\t\n\t\t\t<!-- MasterSlider Main -->\n\t\t\t<div id=\"MS69e0f1015951f\" class=\"master-slider ms-skin-default\" >\n\t\t\t\t \t\t\t\t \n\t\t\t\t<div  class=\"ms-slide\" data-delay=\"4.5\" data-fill-mode=\"fit\"  >\n\t\t\t\t\t<img decoding=\"async\" src=\"http:\/\/www.wild-und-honigbienen.de\/wp-content\/plugins\/master-slider\/public\/assets\/css\/blank.gif\" alt=\"\" title=\"\" data-src=\"http:\/\/www.wild-und-honigbienen.de\/wp-content\/uploads\/2014\/10\/Koenigin1.jpg\" \/>\n\n\t\t\t\t\t<div class=\"ms-info\"><h4 style=\"text-align: center;\"><span style=\"color: #333333;\">Die Bienenk\u00f6niginlegt ein Ei.<\/span><\/h4><\/div>\n\n\n\t<div class=\"ms-thumb\" ><div class=\"ms-tab-context\"><div class=&quot;ms-tab-context&quot;><\/div><\/div>\n<\/div>\n\t\t\t\t<\/div>\n\t\t\t\t<div  class=\"ms-slide\" data-delay=\"4.4\" data-fill-mode=\"fit\"  >\n\t\t\t\t\t<img decoding=\"async\" src=\"http:\/\/www.wild-und-honigbienen.de\/wp-content\/plugins\/master-slider\/public\/assets\/css\/blank.gif\" alt=\"\" title=\"\" data-src=\"http:\/\/www.wild-und-honigbienen.de\/wp-content\/uploads\/2014\/10\/sie_legt.jpg\" \/>\n\n\t\t\t\t\t<div class=\"ms-info\"><h4 style=\"text-align: center;\"><span style=\"color: #ffffff;\"><span style=\"color: #333333;\">Da sind die Eier - Foto Ute Scott<span style=\"text-decoration: underline;\"><br \/><br \/><\/span><\/span><br \/><\/span><\/h4><\/div>\n\n\n\t<div class=\"ms-thumb\" ><div class=\"ms-tab-context\"><div class=&quot;ms-tab-context&quot;><\/div><\/div>\n<\/div>\n\t\t\t\t<\/div>\n\t\t\t\t<div  class=\"ms-slide\" data-delay=\"4.5\" data-fill-mode=\"fit\"  >\n\t\t\t\t\t<img decoding=\"async\" src=\"http:\/\/www.wild-und-honigbienen.de\/wp-content\/plugins\/master-slider\/public\/assets\/css\/blank.gif\" alt=\"\" title=\"\" data-src=\"http:\/\/www.wild-und-honigbienen.de\/wp-content\/uploads\/2014\/10\/Rainfarn.jpg\" \/>\n\n\t\t\t\t\t<div class=\"ms-info\"><h4 style=\"padding-left: 30px; text-align: center;\"><span style=\"color: #333333;\">Biene auf Rainfarn - Pollen ist Babynahrung der Bienen<\/span><\/h4><h4 style=\"padding-left: 30px; text-align: center;\"><span style=\"color: #333333;\"> M\u00e4ht nicht alles ab !!!\u00a0 Foto: Ute Scott<\/span><\/h4><\/div>\n\n\n\t<div class=\"ms-thumb\" ><div class=\"ms-tab-context\"><div class=&quot;ms-tab-context&quot;><\/div><\/div>\n<\/div>\n\t\t\t\t<\/div>\n\t\t\t\t<div  class=\"ms-slide\" data-delay=\"4.5\" data-fill-mode=\"fit\"  >\n\t\t\t\t\t<img decoding=\"async\" src=\"http:\/\/www.wild-und-honigbienen.de\/wp-content\/plugins\/master-slider\/public\/assets\/css\/blank.gif\" alt=\"\" title=\"\" data-src=\"http:\/\/www.wild-und-honigbienen.de\/wp-content\/uploads\/2014\/10\/Biene_Spinne.jpg\" \/>\n\n\t\t\t\t\t<div class=\"ms-info\"><h4 style=\"text-align: center;\"><span style=\"color: #333333;\">Bienen sterben - hier durch die Krabbenspinne Foto: Ute Scott<\/span><\/h4><\/div>\n\n\n\t<div class=\"ms-thumb\" ><div class=\"ms-tab-context\"><div class=&quot;ms-tab-context&quot;><\/div><\/div>\n<\/div>\n\t\t\t\t<\/div>\n\t\t\t\t<div  class=\"ms-slide\" data-delay=\"4.5\" data-fill-mode=\"fit\"  >\n\t\t\t\t\t<img decoding=\"async\" src=\"http:\/\/www.wild-und-honigbienen.de\/wp-content\/plugins\/master-slider\/public\/assets\/css\/blank.gif\" alt=\"\" title=\"\" data-src=\"http:\/\/www.wild-und-honigbienen.de\/wp-content\/uploads\/2014\/10\/Reining_Bluete.jpg\" \/>\n\n\t\t\t\t\t<div class=\"ms-info\"><h4 style=\"text-align: center;\"><span style=\"color: #000000;\"><span style=\"color: #333333;\">Biene auf\u00a0<span class=\"st\">Reneclaude<\/span> Foto:<\/span> <a href=\"http:\/\/www.bienen-und-schafe.de\" target=\"_blank\">www.bienen-und-schafe.de<\/a><br \/><\/span><\/h4><\/div>\n\n\n\t<div class=\"ms-thumb\" ><div class=\"ms-tab-context\"><div class=&quot;ms-tab-context&quot;><\/div><\/div>\n<\/div>\n\t\t\t\t<\/div>\n\t\t\t\t<div  class=\"ms-slide\" data-delay=\"4.4\" data-fill-mode=\"fit\"  >\n\t\t\t\t\t<img decoding=\"async\" src=\"http:\/\/www.wild-und-honigbienen.de\/wp-content\/plugins\/master-slider\/public\/assets\/css\/blank.gif\" alt=\"\" title=\"\" data-src=\"http:\/\/www.wild-und-honigbienen.de\/wp-content\/uploads\/2014\/10\/Scheibenpollen2.jpg\" \/>\n\n\t\t\t\t\t<div class=\"ms-info\"><h4 style=\"text-align: center;\"><span style=\"color: #333333;\">\"Scheibenpollen\" Foto: Ute Scott<\/span><\/h4><\/div>\n\n\n\t<div class=\"ms-thumb\" ><div class=\"ms-tab-context\"><div class=&quot;ms-tab-context&quot;><\/div><\/div>\n<\/div>\n\t\t\t\t<\/div>\n\t\t\t\t<div  class=\"ms-slide\" data-delay=\"4.4\" data-fill-mode=\"fit\"  >\n\t\t\t\t\t<img decoding=\"async\" src=\"http:\/\/www.wild-und-honigbienen.de\/wp-content\/plugins\/master-slider\/public\/assets\/css\/blank.gif\" alt=\"\" title=\"\" data-src=\"http:\/\/www.wild-und-honigbienen.de\/wp-content\/uploads\/2014\/10\/Weiselzellen.jpg\" \/>\n\n\t\t\t\t\t<div class=\"ms-info\"><h4 style=\"text-align: center;\"><span style=\"color: #000000;\"><span style=\"color: #333333;\">Weiselzellen - aus den h\u00e4ngenden Zellen werden K\u00f6niginnen schl\u00fcpfen.<\/span><br \/><\/span><\/h4><\/div>\n\n\n\t<div class=\"ms-thumb\" ><div class=\"ms-tab-context\"><div class=&quot;ms-tab-context&quot;><\/div><\/div>\n<\/div>\n\t\t\t\t<\/div>\n\t\t\t\t<div  class=\"ms-slide\" data-delay=\"4.5\" data-fill-mode=\"fit\"  >\n\t\t\t\t\t<img decoding=\"async\" src=\"http:\/\/www.wild-und-honigbienen.de\/wp-content\/plugins\/master-slider\/public\/assets\/css\/blank.gif\" alt=\"\" title=\"\" data-src=\"http:\/\/www.wild-und-honigbienen.de\/wp-content\/uploads\/2014\/10\/FrischeErdbeeren.jpg\" \/>\n\n\t\t\t\t\t<div class=\"ms-info\"><h4 style=\"text-align: center;\"><span style=\"color: #333333;\">Frische, leckere Erdbeeren Foto:Ute Scott<\/span><\/h4><\/div>\n\n\n\t<div class=\"ms-thumb\" ><div class=\"ms-tab-context\"><div class=&quot;ms-tab-context&quot;><\/div><\/div>\n<\/div>\n\t\t\t\t<\/div>\n\t\t\t\t<div  class=\"ms-slide\" data-delay=\"4.5\" data-fill-mode=\"fit\"  >\n\t\t\t\t\t<img decoding=\"async\" src=\"http:\/\/www.wild-und-honigbienen.de\/wp-content\/plugins\/master-slider\/public\/assets\/css\/blank.gif\" alt=\"\" title=\"\" data-src=\"http:\/\/www.wild-und-honigbienen.de\/wp-content\/uploads\/2014\/10\/Spaetsommer2.jpg\" \/>\n\n\t\t\t\t\t<div class=\"ms-info\"><h4 style=\"text-align: center;\"><span style=\"color: #333333;\">Sp\u00e4tsommer - Biene auf kanadischer Goldrute - Foto: Ute Scott<\/span><\/h4><\/div>\n\n\n\t<div class=\"ms-thumb\" ><div class=\"ms-tab-context\"><div class=&quot;ms-tab-context&quot;><\/div><\/div>\n<\/div>\n\t\t\t\t<\/div>\n\t\t\t\t<div  class=\"ms-slide\" data-delay=\"4.5\" data-fill-mode=\"fit\"  >\n\t\t\t\t\t<img decoding=\"async\" src=\"http:\/\/www.wild-und-honigbienen.de\/wp-content\/plugins\/master-slider\/public\/assets\/css\/blank.gif\" alt=\"\" title=\"\" data-src=\"http:\/\/www.wild-und-honigbienen.de\/wp-content\/uploads\/2014\/10\/heckenkirschen2.jpg\" \/>\n\n\t\t\t\t\t<div class=\"ms-info\"><h4 style=\"text-align: center;\"><span style=\"color: #ffffff;\"><span style=\"color: #333333;\">Biene an Heckenkirsche - ganz fr\u00fch im Jahr.<\/span><br \/><\/span><\/h4><\/div>\n\n\n\t<div class=\"ms-thumb\" ><div class=\"ms-tab-context\"><div class=&quot;ms-tab-context&quot;><\/div><\/div>\n<\/div>\n\t\t\t\t<\/div>\n\t\t\t\t<div  class=\"ms-slide\" data-delay=\"4.6\" data-fill-mode=\"fit\"  >\n\t\t\t\t\t<img decoding=\"async\" src=\"http:\/\/www.wild-und-honigbienen.de\/wp-content\/plugins\/master-slider\/public\/assets\/css\/blank.gif\" alt=\"\" title=\"\" data-src=\"http:\/\/www.wild-und-honigbienen.de\/wp-content\/uploads\/2014\/10\/Springkraut.jpg\" \/>\n\n\t\t\t\t\t<div class=\"ms-info\"><h4 style=\"text-align: center;\"><span style=\"color: #ffffff;\"><span style=\"color: #333333;\">Biene schaut aus dem Springkraut - wei\u00df gepudert.<\/span><br \/><\/span><\/h4><\/div>\n\n\n\t<div class=\"ms-thumb\" ><div class=\"ms-tab-context\"><div class=&quot;ms-tab-context&quot;><\/div><\/div>\n<\/div>\n\t\t\t\t<\/div>\n\t\t\t\t<div  class=\"ms-slide\" data-delay=\"4.5\" data-fill-mode=\"fit\"  >\n\t\t\t\t\t<img decoding=\"async\" src=\"http:\/\/www.wild-und-honigbienen.de\/wp-content\/plugins\/master-slider\/public\/assets\/css\/blank.gif\" alt=\"\" title=\"\" data-src=\"http:\/\/www.wild-und-honigbienen.de\/wp-content\/uploads\/2014\/10\/beschirmt.jpg\" \/>\n\n\t\t\t\t\t<div class=\"ms-info\"><h4 style=\"text-align: center;\"><span style=\"color: #333333;\">Keine Biene, aber Besuch am Bienenstand.<br \/><\/span><\/h4><h4 style=\"text-align: center;\"><span style=\"color: #333333;\">Das Eichh\u00f6rnchen hat den buschigen Schwanz als Regenschirm. Foto: Olaf M\u00fcller<\/span><\/h4><\/div>\n\n\n\t<div class=\"ms-thumb\" ><div class=\"ms-tab-context\"><div class=&quot;ms-tab-context&quot;><\/div><\/div>\n<\/div>\n\t\t\t\t<\/div>\n\t\t\t\t<div  class=\"ms-slide\" data-delay=\"4.5\" data-fill-mode=\"fit\"  >\n\t\t\t\t\t<img decoding=\"async\" src=\"http:\/\/www.wild-und-honigbienen.de\/wp-content\/plugins\/master-slider\/public\/assets\/css\/blank.gif\" alt=\"\" title=\"\" data-src=\"http:\/\/www.wild-und-honigbienen.de\/wp-content\/uploads\/2014\/10\/Posttower5.jpg\" \/>\n\n\t\t\t\t\t<div class=\"ms-info\"><h4 style=\"text-align: center;\"><span style=\"color: #333333;\">Ein Bienenschwarm h\u00e4ngt am Posttower in Bonn.<br \/><\/span><\/h4><h4 style=\"text-align: center;\"><span style=\"color: #333333;\">Zum Gl\u00fcck unten und nicht ganz oben.<\/span><\/h4><\/div>\n\n\n\t<div class=\"ms-thumb\" ><div class=\"ms-tab-context\"><div class=&quot;ms-tab-context&quot;><\/div><\/div>\n<\/div>\n\t\t\t\t<\/div>\n\t\t\t\t<div  class=\"ms-slide\" data-delay=\"4.6\" data-fill-mode=\"fit\"  >\n\t\t\t\t\t<img decoding=\"async\" src=\"http:\/\/www.wild-und-honigbienen.de\/wp-content\/plugins\/master-slider\/public\/assets\/css\/blank.gif\" alt=\"\" title=\"\" data-src=\"http:\/\/www.wild-und-honigbienen.de\/wp-content\/uploads\/2014\/10\/kingkong.jpg\" \/>\n\n\t\t\t\t\t<div class=\"ms-info\"><h4 style=\"text-align: center;\"><span style=\"color: #000000;\"><span style=\"color: #333333;\">Ein gro\u00dfer Bienenschwarm - sieht aus wie King Kong.<\/span><br \/><\/span><\/h4><\/div>\n\n\n\t<div class=\"ms-thumb\" ><div class=\"ms-tab-context\"><div class=&quot;ms-tab-context&quot;><\/div><\/div>\n<\/div>\n\t\t\t\t<\/div>\n\t\t\t\t<div  class=\"ms-slide\" data-delay=\"4.6\" data-fill-mode=\"fit\"  >\n\t\t\t\t\t<img decoding=\"async\" src=\"http:\/\/www.wild-und-honigbienen.de\/wp-content\/plugins\/master-slider\/public\/assets\/css\/blank.gif\" alt=\"\" title=\"\" data-src=\"http:\/\/www.wild-und-honigbienen.de\/wp-content\/uploads\/2014\/10\/Wasser1.jpg\" \/>\n\n\t\t\t\t\t<div class=\"ms-info\"><h4 style=\"text-align: center;\"><span style=\"color: #000000;\"><span style=\"color: #333333;\">Wasser holen im Moos<\/span><br \/><\/span><\/h4><\/div>\n\n\n\t<div class=\"ms-thumb\" ><div class=\"ms-tab-context\"><div class=&quot;ms-tab-context&quot;><\/div><\/div>\n<\/div>\n\t\t\t\t<\/div>\n\t\t\t\t<div  class=\"ms-slide\" data-delay=\"4.5\" data-fill-mode=\"fit\"  >\n\t\t\t\t\t<img decoding=\"async\" src=\"http:\/\/www.wild-und-honigbienen.de\/wp-content\/plugins\/master-slider\/public\/assets\/css\/blank.gif\" alt=\"\" title=\"\" data-src=\"http:\/\/www.wild-und-honigbienen.de\/wp-content\/uploads\/2014\/10\/Biene2.jpg\" \/>\n\n\t\t\t\t\t<div class=\"ms-info\"><h4 style=\"text-align: center;\"><span style=\"color: #000000;\"><span style=\"color: #333333;\">Dein Tier schaut dich an. Foto: Olaf M\u00fcller<\/span><br \/><\/span><\/h4><\/div>\n\n\n\t<div class=\"ms-thumb\" ><div class=\"ms-tab-context\"><div class=&quot;ms-tab-context&quot;><\/div><\/div>\n<\/div>\n\t\t\t\t<\/div>\n\t\t\t\t<div  class=\"ms-slide\" data-delay=\"4.7\" data-fill-mode=\"fit\"  >\n\t\t\t\t\t<img decoding=\"async\" src=\"http:\/\/www.wild-und-honigbienen.de\/wp-content\/plugins\/master-slider\/public\/assets\/css\/blank.gif\" alt=\"\" title=\"\" data-src=\"http:\/\/www.wild-und-honigbienen.de\/wp-content\/uploads\/2014\/10\/BEEbeetree2.jpg\" \/>\n\n\t\t\t\t\t<div class=\"ms-info\"><h4 style=\"text-align: center;\"><span style=\"color: #000000;\"><span style=\"color: #333333;\">Der Bienenbaum - <b>Samthaarige Stinkesche<\/b> (<i>Tetradium daniellii<\/i>) - <\/span><br \/><span style=\"color: #ffffff;\"><span style=\"color: #333333;\">auch: Euodia hupehensis Foto: J\u00fcrgen Hansen\u00a0\u00a0<\/span> <\/span><a href=\"http:\/\/de.wikipedia.org\/wiki\/Samthaarige_Stinkesche\" target=\"_blank\">&gt;Wikilink&lt;<\/a><br \/><\/span><\/h4><\/div>\n\n\n\t<div class=\"ms-thumb\" ><div class=\"ms-tab-context\"><div class=&quot;ms-tab-context&quot;><\/div><\/div>\n<\/div>\n\t\t\t\t<\/div>\n\t\t\t\t<div  class=\"ms-slide\" data-delay=\"4.5\" data-fill-mode=\"fit\"  >\n\t\t\t\t\t<img decoding=\"async\" src=\"http:\/\/www.wild-und-honigbienen.de\/wp-content\/plugins\/master-slider\/public\/assets\/css\/blank.gif\" alt=\"\" title=\"\" data-src=\"http:\/\/www.wild-und-honigbienen.de\/wp-content\/uploads\/2014\/10\/Biene1.jpg\" \/>\n\n\t\t\t\t\t<div class=\"ms-info\"><h4 style=\"text-align: center;\"><span style=\"color: #000000;\"><span style=\"color: #333333;\">Biene trifft Marienk\u00e4ferlarve Foto: Olaf M\u00fcller<\/span><br \/><\/span><\/h4><\/div>\n\n\n\t<div class=\"ms-thumb\" ><div class=\"ms-tab-context\"><div class=&quot;ms-tab-context&quot;><\/div><\/div>\n<\/div>\n\t\t\t\t<\/div>\n\t\t\t\t<div  class=\"ms-slide\" data-delay=\"4.5\" data-fill-mode=\"fit\"  >\n\t\t\t\t\t<img decoding=\"async\" src=\"http:\/\/www.wild-und-honigbienen.de\/wp-content\/plugins\/master-slider\/public\/assets\/css\/blank.gif\" alt=\"\" title=\"\" data-src=\"http:\/\/www.wild-und-honigbienen.de\/wp-content\/uploads\/2014\/10\/koenigin.jpg\" \/>\n\n\t\t\t\t\t<div class=\"ms-info\"><h4 style=\"text-align: center;\"><span style=\"color: #000000;\"><span style=\"color: #333333;\">Bienenk\u00f6nigin - sehr hell im Aussehen<\/span><br \/><\/span><\/h4><\/div>\n\n\n\t<div class=\"ms-thumb\" ><div class=\"ms-tab-context\"><div class=&quot;ms-tab-context&quot;><\/div><\/div>\n<\/div>\n\t\t\t\t<\/div>\n\t\t\t\t<div  class=\"ms-slide\" data-delay=\"4.5\" data-fill-mode=\"fit\"  >\n\t\t\t\t\t<img decoding=\"async\" src=\"http:\/\/www.wild-und-honigbienen.de\/wp-content\/plugins\/master-slider\/public\/assets\/css\/blank.gif\" alt=\"\" title=\"\" data-src=\"http:\/\/www.wild-und-honigbienen.de\/wp-content\/uploads\/2014\/10\/Wegerich.jpg\" \/>\n\n\t\t\t\t\t<div class=\"ms-info\"><h4 style=\"text-align: center;\"><span style=\"color: #333333;\">Auf der Wegerichbl\u00fcte in Olaf M\u00fcllers Garten<\/span><\/h4><\/div>\n\n\n\t<div class=\"ms-thumb\" ><div class=\"ms-tab-context\"><div class=&quot;ms-tab-context&quot;><\/div><\/div>\n<\/div>\n\t\t\t\t<\/div>\n\n\t\t\t<\/div>\n\t\t\t<!-- END MasterSlider Main -->\n\n\t\t\t \n\t\t<\/div>\n\t\t<!-- END MasterSlider -->\n\n\t\t<script>\n\t\t(function ( $ ) {\n\t\t\t\"use strict\";\n\n\t\t\t$(function () {\n\t\t\t\tvar masterslider_951f = new MasterSlider();\n\n\t\t\t\t\/\/ slider controls\n\t\t\t\tmasterslider_951f.control('arrows'     ,{ autohide:true, overVideo:true , hideUnder:600 });\t\t\t\tmasterslider_951f.control('bullets'    ,{ autohide:true, overVideo:true, dir:'h', align:'bottom' , margin:10 , hideUnder:400 });\n\n\t\t\t\tmasterslider_951f.control('slideinfo'  ,{ autohide:false, overVideo:true, dir:'h', align:'top',inset:false , margin:10 , hideUnder:400 , size:60 });\n\t\t\t\t\/\/ slider setup\n\t\t\t\tmasterslider_951f.setup(\"MS69e0f1015951f\", {\n\t\t\t\t\t\twidth           : 900,\n\t\t\t\t\t\theight          : 600,\n\t\t\t\t\t\tminHeight       : 0,\n\t\t\t\t\t\tspace           : 0,\n\t\t\t\t\t\tstart           : 1,\n\t\t\t\t\t\tgrabCursor      : true,\n\t\t\t\t\t\tswipe           : true,\n\t\t\t\t\t\tmouse           : true,\n\t\t\t\t\t\tlayout          : \"boxed\",\n\t\t\t\t\t\twheel           : false,\n\t\t\t\t\t\tautoplay        : true,\n\t\t\t\t\t\tinstantStartLayers:false,\n\t\t\t\t\t\tloop            : true,\n\t\t\t\t\t\tshuffle         : false,\n\t\t\t\t\t\tpreload         : 0,\n\t\t\t\t\t\theightLimit     : true,\n\t\t\t\t\t\tautoHeight      : false,\n\t\t\t\t\t\tsmoothHeight    : true,\n\t\t\t\t\t\tendPause        : false,\n\t\t\t\t\t\toverPause       : true,\n\t\t\t\t\t\tfillMode        : \"fill\",\n\t\t\t\t\t\tcenterControls  : true,\n\t\t\t\t\t\tstartOnAppear   : false,\n\t\t\t\t\t\tlayersMode      : \"center\",\n\t\t\t\t\t\thideLayers      : false,\n\t\t\t\t\t\tfullscreenMargin: 0,\n\t\t\t\t\t\tspeed           : 20,\n\t\t\t\t\t\tdir             : \"h\",\n\t\t\t\t\t\tparallaxMode    : 'swipe',\n\t\t\t\t\t\tview            : \"basic\"\n\t\t\t\t});\n\n\t\t\t\t\n\t\t\t\twindow.masterslider_instances = window.masterslider_instances || [];\n\t\t\t\twindow.masterslider_instances.push( masterslider_951f );\n\t\t\t });\n\n\t\t})(jQuery);\n\t\t<\/script>\n\n<\/p>\n","protected":false},"excerpt":{"rendered":"<p>Bilder von Honigbienen &hellip; <a class=\"more-link\" href=\"http:\/\/www.wild-und-honigbienen.de\/?page_id=254\">Weiterlesen <span class=\"meta-nav\">&rarr;<\/span><\/a><\/p>\n","protected":false},"author":1,"featured_media":0,"parent":11,"menu_order":0,"comment_status":"closed","ping_status":"open","template":"","meta":{"footnotes":""},"_links":{"self":[{"href":"http:\/\/www.wild-und-honigbienen.de\/index.php?rest_route=\/wp\/v2\/pages\/254"}],"collection":[{"href":"http:\/\/www.wild-und-honigbienen.de\/index.php?rest_route=\/wp\/v2\/pages"}],"about":[{"href":"http:\/\/www.wild-und-honigbienen.de\/index.php?rest_route=\/wp\/v2\/types\/page"}],"author":[{"embeddable":true,"href":"http:\/\/www.wild-und-honigbienen.de\/index.php?rest_route=\/wp\/v2\/users\/1"}],"replies":[{"embeddable":true,"href":"http:\/\/www.wild-und-honigbienen.de\/index.php?rest_route=%2Fwp%2Fv2%2Fcomments&post=254"}],"version-history":[{"count":2,"href":"http:\/\/www.wild-und-honigbienen.de\/index.php?rest_route=\/wp\/v2\/pages\/254\/revisions"}],"predecessor-version":[{"id":361,"href":"http:\/\/www.wild-und-honigbienen.de\/index.php?rest_route=\/wp\/v2\/pages\/254\/revisions\/361"}],"up":[{"embeddable":true,"href":"http:\/\/www.wild-und-honigbienen.de\/index.php?rest_route=\/wp\/v2\/pages\/11"}],"wp:attachment":[{"href":"http:\/\/www.wild-und-honigbienen.de\/index.php?rest_route=%2Fwp%2Fv2%2Fmedia&parent=254"}],"curies":[{"name":"wp","href":"https:\/\/api.w.org\/{rel}","templated":true}]}}