{"id":2175,"date":"2023-07-11T11:18:29","date_gmt":"2023-07-11T09:18:29","guid":{"rendered":"http:\/\/www.wild-und-honigbienen.de\/?page_id=2175"},"modified":"2023-07-11T11:19:22","modified_gmt":"2023-07-11T09:19:22","slug":"angebot-imkereizubehoer","status":"publish","type":"page","link":"http:\/\/www.wild-und-honigbienen.de\/?page_id=2175","title":{"rendered":"Angebot Imkereizubeh\u00f6r"},"content":{"rendered":"<p>Preis VB.Die Sachen sind in einem sehr guten gebrauchten Zustand. R\u00e4hmchen und 72 Dib-Glsaer sind neu.<br \/>\nGru\u00df Jochen<br \/>\n015771431247<br \/>\nR\u00f6merstrasse 72<br \/>\n53111 Bonn<br \/>\nEin Teil ist bereits verkauft ( Gl\u00e4ser).<br \/>\n\u00dcbergabe ist erst nach seinem Urlaub Mitte August m\u00f6glich.<\/p>\n<p>Unten Bilder (anklicken zum vergr\u00f6\u00dfern) der Gegenst\u00e4nde:<br \/>\nMittelw\u00e4nde<br \/>\nDeckeleinlagen<br \/>\nEinl\u00f6tger\u00e4t<br \/>\nEntdeckelungswanne<br \/>\nR\u00e4hmchen in Teilen<br \/>\nPobiergl\u00e4schen 50gr<br \/>\nHonigsiebe<br \/>\nHonigeimer<br \/>\nSchleuder, Handbetrieb, Siegerland<br \/>\n<a href=\"http:\/\/www.wild-und-honigbienen.de\/wp-content\/uploads\/2023\/07\/20230707_081445_resized.jpg\"><img loading=\"lazy\" decoding=\"async\" class=\"alignleft size-medium wp-image-2184\" src=\"http:\/\/www.wild-und-honigbienen.de\/wp-content\/uploads\/2023\/07\/20230707_081445_resized-225x300.jpg\" alt=\"\" width=\"225\" height=\"300\" srcset=\"http:\/\/www.wild-und-honigbienen.de\/wp-content\/uploads\/2023\/07\/20230707_081445_resized-225x300.jpg 225w, http:\/\/www.wild-und-honigbienen.de\/wp-content\/uploads\/2023\/07\/20230707_081445_resized-768x1024.jpg 768w, http:\/\/www.wild-und-honigbienen.de\/wp-content\/uploads\/2023\/07\/20230707_081445_resized.jpg 867w\" sizes=\"(max-width: 225px) 100vw, 225px\" \/><\/a> <a href=\"http:\/\/www.wild-und-honigbienen.de\/wp-content\/uploads\/2023\/07\/20230707_081152_resized.jpg\"><img loading=\"lazy\" decoding=\"async\" class=\"alignleft size-medium wp-image-2183\" src=\"http:\/\/www.wild-und-honigbienen.de\/wp-content\/uploads\/2023\/07\/20230707_081152_resized-225x300.jpg\" alt=\"\" width=\"225\" height=\"300\" srcset=\"http:\/\/www.wild-und-honigbienen.de\/wp-content\/uploads\/2023\/07\/20230707_081152_resized-225x300.jpg 225w, http:\/\/www.wild-und-honigbienen.de\/wp-content\/uploads\/2023\/07\/20230707_081152_resized-768x1024.jpg 768w, http:\/\/www.wild-und-honigbienen.de\/wp-content\/uploads\/2023\/07\/20230707_081152_resized.jpg 867w\" sizes=\"(max-width: 225px) 100vw, 225px\" \/><\/a> <a href=\"http:\/\/www.wild-und-honigbienen.de\/wp-content\/uploads\/2023\/07\/20230707_075739_resized.jpg\"><img loading=\"lazy\" decoding=\"async\" class=\"alignleft size-medium wp-image-2182\" src=\"http:\/\/www.wild-und-honigbienen.de\/wp-content\/uploads\/2023\/07\/20230707_075739_resized-225x300.jpg\" alt=\"\" width=\"225\" height=\"300\" srcset=\"http:\/\/www.wild-und-honigbienen.de\/wp-content\/uploads\/2023\/07\/20230707_075739_resized-225x300.jpg 225w, http:\/\/www.wild-und-honigbienen.de\/wp-content\/uploads\/2023\/07\/20230707_075739_resized-768x1024.jpg 768w, http:\/\/www.wild-und-honigbienen.de\/wp-content\/uploads\/2023\/07\/20230707_075739_resized.jpg 867w\" sizes=\"(max-width: 225px) 100vw, 225px\" \/><\/a> <a href=\"http:\/\/www.wild-und-honigbienen.de\/wp-content\/uploads\/2023\/07\/20230707_075034_resized.jpg\"><img loading=\"lazy\" decoding=\"async\" class=\"alignleft size-medium wp-image-2181\" src=\"http:\/\/www.wild-und-honigbienen.de\/wp-content\/uploads\/2023\/07\/20230707_075034_resized-225x300.jpg\" alt=\"\" width=\"225\" height=\"300\" srcset=\"http:\/\/www.wild-und-honigbienen.de\/wp-content\/uploads\/2023\/07\/20230707_075034_resized-225x300.jpg 225w, http:\/\/www.wild-und-honigbienen.de\/wp-content\/uploads\/2023\/07\/20230707_075034_resized-768x1024.jpg 768w, http:\/\/www.wild-und-honigbienen.de\/wp-content\/uploads\/2023\/07\/20230707_075034_resized.jpg 867w\" sizes=\"(max-width: 225px) 100vw, 225px\" \/><\/a> <a href=\"http:\/\/www.wild-und-honigbienen.de\/wp-content\/uploads\/2023\/07\/20230702_151649_resized.jpg\"><img loading=\"lazy\" decoding=\"async\" class=\"alignleft size-medium wp-image-2180\" src=\"http:\/\/www.wild-und-honigbienen.de\/wp-content\/uploads\/2023\/07\/20230702_151649_resized-300x225.jpg\" alt=\"\" width=\"300\" height=\"225\" srcset=\"http:\/\/www.wild-und-honigbienen.de\/wp-content\/uploads\/2023\/07\/20230702_151649_resized-300x225.jpg 300w, http:\/\/www.wild-und-honigbienen.de\/wp-content\/uploads\/2023\/07\/20230702_151649_resized-1024x768.jpg 1024w, http:\/\/www.wild-und-honigbienen.de\/wp-content\/uploads\/2023\/07\/20230702_151649_resized-768x576.jpg 768w, http:\/\/www.wild-und-honigbienen.de\/wp-content\/uploads\/2023\/07\/20230702_151649_resized-400x300.jpg 400w, http:\/\/www.wild-und-honigbienen.de\/wp-content\/uploads\/2023\/07\/20230702_151649_resized.jpg 1156w\" sizes=\"(max-width: 300px) 100vw, 300px\" \/><\/a> <a href=\"http:\/\/www.wild-und-honigbienen.de\/wp-content\/uploads\/2023\/07\/20230702_151623_resized.jpg\"><img loading=\"lazy\" decoding=\"async\" class=\"alignleft size-medium wp-image-2179\" src=\"http:\/\/www.wild-und-honigbienen.de\/wp-content\/uploads\/2023\/07\/20230702_151623_resized-225x300.jpg\" alt=\"\" width=\"225\" height=\"300\" srcset=\"http:\/\/www.wild-und-honigbienen.de\/wp-content\/uploads\/2023\/07\/20230702_151623_resized-225x300.jpg 225w, http:\/\/www.wild-und-honigbienen.de\/wp-content\/uploads\/2023\/07\/20230702_151623_resized-768x1024.jpg 768w, http:\/\/www.wild-und-honigbienen.de\/wp-content\/uploads\/2023\/07\/20230702_151623_resized.jpg 867w\" sizes=\"(max-width: 225px) 100vw, 225px\" \/><\/a> <a href=\"http:\/\/www.wild-und-honigbienen.de\/wp-content\/uploads\/2023\/07\/20230702_151520_resized.jpg\"><img loading=\"lazy\" decoding=\"async\" class=\"alignleft size-medium wp-image-2178\" src=\"http:\/\/www.wild-und-honigbienen.de\/wp-content\/uploads\/2023\/07\/20230702_151520_resized-225x300.jpg\" alt=\"\" width=\"225\" height=\"300\" srcset=\"http:\/\/www.wild-und-honigbienen.de\/wp-content\/uploads\/2023\/07\/20230702_151520_resized-225x300.jpg 225w, http:\/\/www.wild-und-honigbienen.de\/wp-content\/uploads\/2023\/07\/20230702_151520_resized-768x1024.jpg 768w, http:\/\/www.wild-und-honigbienen.de\/wp-content\/uploads\/2023\/07\/20230702_151520_resized.jpg 867w\" sizes=\"(max-width: 225px) 100vw, 225px\" \/><\/a> <a href=\"http:\/\/www.wild-und-honigbienen.de\/wp-content\/uploads\/2023\/07\/20230707_083426_resized.jpg\"><img loading=\"lazy\" decoding=\"async\" class=\"alignleft size-medium wp-image-2177\" src=\"http:\/\/www.wild-und-honigbienen.de\/wp-content\/uploads\/2023\/07\/20230707_083426_resized-225x300.jpg\" alt=\"\" width=\"225\" height=\"300\" srcset=\"http:\/\/www.wild-und-honigbienen.de\/wp-content\/uploads\/2023\/07\/20230707_083426_resized-225x300.jpg 225w, http:\/\/www.wild-und-honigbienen.de\/wp-content\/uploads\/2023\/07\/20230707_083426_resized-768x1024.jpg 768w, http:\/\/www.wild-und-honigbienen.de\/wp-content\/uploads\/2023\/07\/20230707_083426_resized.jpg 867w\" sizes=\"(max-width: 225px) 100vw, 225px\" \/><\/a> <a href=\"http:\/\/www.wild-und-honigbienen.de\/wp-content\/uploads\/2023\/07\/20230707_081723_resized.jpg\"><img loading=\"lazy\" decoding=\"async\" class=\"alignleft size-medium wp-image-2176\" src=\"http:\/\/www.wild-und-honigbienen.de\/wp-content\/uploads\/2023\/07\/20230707_081723_resized-225x300.jpg\" alt=\"\" width=\"225\" height=\"300\" srcset=\"http:\/\/www.wild-und-honigbienen.de\/wp-content\/uploads\/2023\/07\/20230707_081723_resized-225x300.jpg 225w, http:\/\/www.wild-und-honigbienen.de\/wp-content\/uploads\/2023\/07\/20230707_081723_resized-768x1024.jpg 768w, http:\/\/www.wild-und-honigbienen.de\/wp-content\/uploads\/2023\/07\/20230707_081723_resized.jpg 867w\" sizes=\"(max-width: 225px) 100vw, 225px\" \/><\/a><\/p>\n<p>&nbsp;<\/p>\n","protected":false},"excerpt":{"rendered":"<p>Preis VB.Die Sachen sind in einem sehr guten gebrauchten Zustand. R\u00e4hmchen und 72 Dib-Glsaer sind neu. Gru\u00df Jochen 015771431247 R\u00f6merstrasse 72 53111 Bonn Ein Teil ist bereits verkauft ( Gl\u00e4ser). \u00dcbergabe ist erst nach seinem Urlaub Mitte August m\u00f6glich. Unten &hellip; <a class=\"more-link\" href=\"http:\/\/www.wild-und-honigbienen.de\/?page_id=2175\">Weiterlesen <span class=\"meta-nav\">&rarr;<\/span><\/a><\/p>\n","protected":false},"author":1,"featured_media":0,"parent":0,"menu_order":0,"comment_status":"closed","ping_status":"closed","template":"","meta":{"footnotes":""},"_links":{"self":[{"href":"http:\/\/www.wild-und-honigbienen.de\/index.php?rest_route=\/wp\/v2\/pages\/2175"}],"collection":[{"href":"http:\/\/www.wild-und-honigbienen.de\/index.php?rest_route=\/wp\/v2\/pages"}],"about":[{"href":"http:\/\/www.wild-und-honigbienen.de\/index.php?rest_route=\/wp\/v2\/types\/page"}],"author":[{"embeddable":true,"href":"http:\/\/www.wild-und-honigbienen.de\/index.php?rest_route=\/wp\/v2\/users\/1"}],"replies":[{"embeddable":true,"href":"http:\/\/www.wild-und-honigbienen.de\/index.php?rest_route=%2Fwp%2Fv2%2Fcomments&post=2175"}],"version-history":[{"count":2,"href":"http:\/\/www.wild-und-honigbienen.de\/index.php?rest_route=\/wp\/v2\/pages\/2175\/revisions"}],"predecessor-version":[{"id":2186,"href":"http:\/\/www.wild-und-honigbienen.de\/index.php?rest_route=\/wp\/v2\/pages\/2175\/revisions\/2186"}],"wp:attachment":[{"href":"http:\/\/www.wild-und-honigbienen.de\/index.php?rest_route=%2Fwp%2Fv2%2Fmedia&parent=2175"}],"curies":[{"name":"wp","href":"https:\/\/api.w.org\/{rel}","templated":true}]}}