{"id":2,"date":"2014-10-14T08:44:28","date_gmt":"2014-10-14T08:44:28","guid":{"rendered":"http:\/\/www.wild-und-honigbienen.de\/?page_id=2"},"modified":"2015-06-27T23:56:04","modified_gmt":"2015-06-27T21:56:04","slug":"beispiel-seite","status":"publish","type":"page","link":"http:\/\/www.wild-und-honigbienen.de\/?page_id=2","title":{"rendered":"\u00fcber den Verein"},"content":{"rendered":"<p><img loading=\"lazy\" decoding=\"async\" class=\"alignright size-full wp-image-39\" src=\"http:\/\/www.wild-und-honigbienen.de\/wp-content\/uploads\/2014\/10\/hummel.jpg\" alt=\"hummel\" width=\"182\" height=\"180\" \/>Der Verein zum Schutz der Wild- und Honigbienen Voreifel e.V. wurde 1988 durch Imkermeister Conrad von Randow gegr\u00fcndet.<br \/>\nSeine Vision war ein Imkerverein, in dem Haltung und Zucht der Honigbienen gleichwertig neben dem Naturschutz stehen. Besonders der Schutz der Solit\u00e4rbienen, der Hummeln und der Wespen war zu jener Zeit noch nicht in Mode.<br \/>\nAuch sollte der freundliche und hilfsbereite Umgang unter den\u00a0 Imkerinnen und Imkern gepflegt werden. F\u00f6rderung\u00a0 des Nachwuchses, jung und nicht ganz so jung, war \u00fcber die Jahre ein Hauptbestandteil der Vereinsarbeit.<br \/>\nDie Monatstreffen sind eine weitere S\u00e4ule. Es werden Vortr\u00e4ge zu einer Vielfalt von Themen angeboten. Oft werden namhafte Referenten eingeladen. Die neusten Entwicklungen in Betriebsweisen und in der Forschung setzen dabei Schwerpunkte.<br \/>\n\u00dcber die Jahre wurden auch zahlreiche Vereinsfahrten unternommen.<br \/>\nDie Zusammenarbeit mit den anderen Imkervereinen im Kreisimkerverband Bonn hat sich positiv entwickelt.<br \/>\nWir schauen mit Zuversicht in die n\u00e4chsten 25 Jahre.<\/p>\n<p><a title=\"Mitglied werden\" href=\"http:\/\/www.wild-und-honigbienen.de\/?page_id=414\">&gt;Mitglied werden&lt;<\/a><\/p>\n<p>Okt.\/Nov. 2014: Nach 11 Jahren erscheint die Internetseite des Imkervereins in einer neuen moderneren Form. Es ist ein Blog f\u00fcr die Mitglieder dabei und das ganze soll Smartphone tauglich laufen. Es l\u00e4uft mit WordPress 4 und einem Theme von weaver II. Damit ist eine F\u00fclle von Design-Anpassungen m\u00f6glich. Wenn sie etwas aus der alten Seite vermissen, lassen sie es mich wissen. Olaf M\u00fcller\u00a0 <a href=\"mailto:webmaster@wild-und-honigbienen.de\">webmaster@wild-und-honigbienen.de<\/a><\/p>\n<p><a href=\"http:\/\/www.wild-und-honigbienen.de\/wp-content\/uploads\/2014\/10\/SB_Hummeln_1410.jpg\" target=\"_blank\"><img loading=\"lazy\" decoding=\"async\" class=\"aligncenter wp-image-387 size-full\" src=\"http:\/\/www.wild-und-honigbienen.de\/wp-content\/uploads\/2014\/10\/SB_Hummeln_1410.jpg\" alt=\"SB_Hummeln_1410\" width=\"993\" height=\"806\" srcset=\"http:\/\/www.wild-und-honigbienen.de\/wp-content\/uploads\/2014\/10\/SB_Hummeln_1410.jpg 993w, http:\/\/www.wild-und-honigbienen.de\/wp-content\/uploads\/2014\/10\/SB_Hummeln_1410-300x243.jpg 300w, http:\/\/www.wild-und-honigbienen.de\/wp-content\/uploads\/2014\/10\/SB_Hummeln_1410-369x300.jpg 369w\" sizes=\"(max-width: 993px) 100vw, 993px\" \/><\/a><\/p>\n","protected":false},"excerpt":{"rendered":"<p>Der Verein zum Schutz der Wild- und Honigbienen Voreifel e.V. wurde 1988 durch Imkermeister Conrad von Randow gegr\u00fcndet. Seine Vision war ein Imkerverein, in dem Haltung und Zucht der Honigbienen gleichwertig neben dem Naturschutz stehen. Besonders der Schutz der Solit\u00e4rbienen, &hellip; <a class=\"more-link\" href=\"http:\/\/www.wild-und-honigbienen.de\/?page_id=2\">Weiterlesen <span class=\"meta-nav\">&rarr;<\/span><\/a><\/p>\n","protected":false},"author":1,"featured_media":0,"parent":0,"menu_order":0,"comment_status":"closed","ping_status":"open","template":"","meta":{"footnotes":""},"_links":{"self":[{"href":"http:\/\/www.wild-und-honigbienen.de\/index.php?rest_route=\/wp\/v2\/pages\/2"}],"collection":[{"href":"http:\/\/www.wild-und-honigbienen.de\/index.php?rest_route=\/wp\/v2\/pages"}],"about":[{"href":"http:\/\/www.wild-und-honigbienen.de\/index.php?rest_route=\/wp\/v2\/types\/page"}],"author":[{"embeddable":true,"href":"http:\/\/www.wild-und-honigbienen.de\/index.php?rest_route=\/wp\/v2\/users\/1"}],"replies":[{"embeddable":true,"href":"http:\/\/www.wild-und-honigbienen.de\/index.php?rest_route=%2Fwp%2Fv2%2Fcomments&post=2"}],"version-history":[{"count":35,"href":"http:\/\/www.wild-und-honigbienen.de\/index.php?rest_route=\/wp\/v2\/pages\/2\/revisions"}],"predecessor-version":[{"id":430,"href":"http:\/\/www.wild-und-honigbienen.de\/index.php?rest_route=\/wp\/v2\/pages\/2\/revisions\/430"}],"wp:attachment":[{"href":"http:\/\/www.wild-und-honigbienen.de\/index.php?rest_route=%2Fwp%2Fv2%2Fmedia&parent=2"}],"curies":[{"name":"wp","href":"https:\/\/api.w.org\/{rel}","templated":true}]}}