{"id":156,"date":"2014-10-21T20:27:54","date_gmt":"2014-10-21T18:27:54","guid":{"rendered":"http:\/\/www.wild-und-honigbienen.de\/?page_id=156"},"modified":"2024-12-06T21:19:12","modified_gmt":"2024-12-06T19:19:12","slug":"bienenwissen","status":"publish","type":"page","link":"http:\/\/www.wild-und-honigbienen.de\/?page_id=156","title":{"rendered":"Bienenwissen"},"content":{"rendered":"<div id=\"attachment_350\" style=\"width: 220px\" class=\"wp-caption alignright\"><a href=\"http:\/\/www.wild-und-honigbienen.de\/wp-content\/uploads\/2014\/10\/Foto_Ute_Scott_Biene.jpg\" target=\"_blank\" rel=\"noopener\"><img loading=\"lazy\" decoding=\"async\" aria-describedby=\"caption-attachment-350\" class=\"wp-image-350\" src=\"http:\/\/www.wild-und-honigbienen.de\/wp-content\/uploads\/2014\/10\/Foto_Ute_Scott_Biene-300x211.jpg\" alt=\"Foto_Ute_Scott_Biene\" width=\"210\" height=\"148\" srcset=\"http:\/\/www.wild-und-honigbienen.de\/wp-content\/uploads\/2014\/10\/Foto_Ute_Scott_Biene-300x211.jpg 300w, http:\/\/www.wild-und-honigbienen.de\/wp-content\/uploads\/2014\/10\/Foto_Ute_Scott_Biene-1024x721.jpg 1024w, http:\/\/www.wild-und-honigbienen.de\/wp-content\/uploads\/2014\/10\/Foto_Ute_Scott_Biene-425x300.jpg 425w, http:\/\/www.wild-und-honigbienen.de\/wp-content\/uploads\/2014\/10\/Foto_Ute_Scott_Biene.jpg 1133w\" sizes=\"(max-width: 210px) 100vw, 210px\" \/><\/a><p id=\"caption-attachment-350\" class=\"wp-caption-text\">Bild anklicken zum Vergr\u00f6\u00dfern<br \/>Honigbiene mit Bl\u00fctenpollen &#8211; Foto: Ute Scott<\/p><\/div>\n<p>NEU: Was ist eine Futterkranzprobe?\u00a0 <a href=\"http:\/\/www.wild-und-honigbienen.de\/?page_id=542\"><strong>&gt;Hier&lt;<\/strong><\/a> eine neue Seite, die hoffentlich alle Fragen beantwortet.<\/p>\n<p>siehe auch <a title=\"Links\" href=\"http:\/\/www.wild-und-honigbienen.de\/?page_id=21\">&gt; externe Links<\/a><\/p>\n<p><a href=\"http:\/\/www.wild-und-honigbienen.de\/wp-content\/uploads\/2014\/10\/Wussten_sie_schon.pdf\">&gt;Den Text k\u00f6nnen sie hier als pdf laden&lt;<\/a><br \/>\nWeitere Texte unten<\/p>\n<p>Wussten schon \u2026.. ?<br \/>\n&#8230;da\u00df 100 Bienen 10 Gramm wiegen<br \/>\n&#8230;da\u00df 1 Biene in 2 Minuten 1 km weit fliegt<br \/>\n&#8230;da\u00df 1 Biene in ihrem Leben 800 km zur\u00fccklegt<br \/>\n&#8230;da\u00df 1 Biene f\u00fcr 1 Pfund Honig bis zu 3,5 mal um die Erde fliegen m\u00fc\u00dfte<br \/>\n&#8230;da\u00df die Sommerbiene nur 6 Wochen alt wird<br \/>\n&#8230;da\u00df die Winterbiene bis zu 9 Monate alt wird<br \/>\n&#8230;da\u00df 1 K\u00f6nigin 4 Jahre alt werden kann<br \/>\n&#8230;da\u00df 1 K\u00f6nigin im Mai\/Juni bis 3.000 Eier\/Tag legen kann<br \/>\n&#8230;da\u00df 1.500-1.800 Eier eben soviel wiegen wie das Eigengewicht einer K\u00f6nigin betr\u00e4gt<br \/>\n&#8230;da\u00df 5.000 Eier 1 Gramm wiegen<br \/>\n&#8230;da\u00df jedes befruchtete Ei\/jede noch nicht 3 Tage alte Arbeiterinnenlarve zu einer K\u00f6nigin werden kann<br \/>\n&#8230;da\u00df 1 Bienenlarve 2.000 Pflegebesuche bekommt<br \/>\n&#8230;da\u00df 1 Bienenlarve nach 6 Tagen ihr Anfangsgewicht auf das 500fache vermehrt, vergleichsweise ein menschliches Baby in 6 Tagen 32 Zentner zunehmen m\u00fc\u00dfte.<br \/>\n&#8230;da\u00df 14.000 Bl\u00fctenstaubk\u00f6rner der gr\u00f6\u00dften Art f\u00fcr 1 g Pollen ben\u00f6tigt werden<br \/>\n&#8230;da\u00df 300.000 Bl\u00fctenstaubk\u00f6rner der kleinsten Art f\u00fcr 1 g Pollen ben\u00f6tigt werden<br \/>\n&#8230;da\u00df aus befruchteten Eiern weibliche Bienen, aus unbefruchteten Eiern Drohnen entstehen<\/p>\n<div id=\"attachment_227\" style=\"width: 160px\" class=\"wp-caption alignright\"><a href=\"http:\/\/www.wild-und-honigbienen.de\/wp-content\/uploads\/2014\/10\/sie_legt.jpg\" target=\"_blank\" rel=\"noopener\"><img loading=\"lazy\" decoding=\"async\" aria-describedby=\"caption-attachment-227\" class=\"wp-image-227 size-thumbnail\" src=\"http:\/\/www.wild-und-honigbienen.de\/wp-content\/uploads\/2014\/10\/sie_legt-150x150.jpg\" alt=\"sie_legt\" width=\"150\" height=\"150\" \/><\/a><p id=\"caption-attachment-227\" class=\"wp-caption-text\">Eier in der Wabe<\/p><\/div>\n<p>Weitere Texte k\u00f6nnen sie als pdf laden:<\/p>\n<p><a href=\"http:\/\/www.wild-und-honigbienen.de\/wp-content\/uploads\/2014\/10\/BIENVOLK.pdf\">Das Bienenvolk<\/a><\/p>\n<p><a href=\"http:\/\/www.wild-und-honigbienen.de\/wp-content\/uploads\/2014\/10\/BIENWOHN.pdf\">Die Bienenwohnung<\/a><\/p>\n<p><a href=\"http:\/\/www.wild-und-honigbienen.de\/wp-content\/uploads\/2014\/10\/BESTAEUB.pdf\">Best\u00e4ubung<\/a><\/p>\n<p><a href=\"http:\/\/www.wild-und-honigbienen.de\/wp-content\/uploads\/2014\/10\/SAMMELN.pdf\">Was sammeln die Bienen<\/a><\/p>\n<p><a href=\"http:\/\/www.wild-und-honigbienen.de\/wp-content\/uploads\/2014\/10\/Bekomm_neu.pdf\">Was bekommen wir von den Bienen<\/a><\/p>\n<p><strong>Foto: Ute Scott &#8211; Biene an Himbeerbl\u00fcte<br \/>\n<\/strong><\/p>\n<p><a href=\"http:\/\/www.wild-und-honigbienen.de\/wp-content\/uploads\/2014\/10\/Himbeermelodie_kl.jpg\" target=\"_blank\" rel=\"noopener\"><img loading=\"lazy\" decoding=\"async\" class=\"wp-image-170 size-full\" src=\"http:\/\/www.wild-und-honigbienen.de\/wp-content\/uploads\/2014\/10\/Himbeermelodie_kl.jpg\" alt=\"Himbeermelodie_kl\" width=\"606\" height=\"514\" srcset=\"http:\/\/www.wild-und-honigbienen.de\/wp-content\/uploads\/2014\/10\/Himbeermelodie_kl.jpg 606w, http:\/\/www.wild-und-honigbienen.de\/wp-content\/uploads\/2014\/10\/Himbeermelodie_kl-300x254.jpg 300w\" sizes=\"(max-width: 606px) 100vw, 606px\" \/><\/a><\/p>\n<p>&nbsp;<\/p>\n","protected":false},"excerpt":{"rendered":"<p>NEU: Was ist eine Futterkranzprobe?\u00a0 &gt;Hier&lt; eine neue Seite, die hoffentlich alle Fragen beantwortet. siehe auch &gt; externe Links &gt;Den Text k\u00f6nnen sie hier als pdf laden&lt; Weitere Texte unten Wussten schon \u2026.. ? &#8230;da\u00df 100 Bienen 10 Gramm wiegen &hellip; <a class=\"more-link\" href=\"http:\/\/www.wild-und-honigbienen.de\/?page_id=156\">Weiterlesen <span class=\"meta-nav\">&rarr;<\/span><\/a><\/p>\n","protected":false},"author":1,"featured_media":0,"parent":0,"menu_order":0,"comment_status":"closed","ping_status":"closed","template":"","meta":{"footnotes":""},"_links":{"self":[{"href":"http:\/\/www.wild-und-honigbienen.de\/index.php?rest_route=\/wp\/v2\/pages\/156"}],"collection":[{"href":"http:\/\/www.wild-und-honigbienen.de\/index.php?rest_route=\/wp\/v2\/pages"}],"about":[{"href":"http:\/\/www.wild-und-honigbienen.de\/index.php?rest_route=\/wp\/v2\/types\/page"}],"author":[{"embeddable":true,"href":"http:\/\/www.wild-und-honigbienen.de\/index.php?rest_route=\/wp\/v2\/users\/1"}],"replies":[{"embeddable":true,"href":"http:\/\/www.wild-und-honigbienen.de\/index.php?rest_route=%2Fwp%2Fv2%2Fcomments&post=156"}],"version-history":[{"count":19,"href":"http:\/\/www.wild-und-honigbienen.de\/index.php?rest_route=\/wp\/v2\/pages\/156\/revisions"}],"predecessor-version":[{"id":2331,"href":"http:\/\/www.wild-und-honigbienen.de\/index.php?rest_route=\/wp\/v2\/pages\/156\/revisions\/2331"}],"wp:attachment":[{"href":"http:\/\/www.wild-und-honigbienen.de\/index.php?rest_route=%2Fwp%2Fv2%2Fmedia&parent=156"}],"curies":[{"name":"wp","href":"https:\/\/api.w.org\/{rel}","templated":true}]}}