{"id":15,"date":"2014-10-14T11:37:15","date_gmt":"2014-10-14T09:37:15","guid":{"rendered":"http:\/\/www.wild-und-honigbienen.de\/?page_id=15"},"modified":"2015-06-27T23:53:57","modified_gmt":"2015-06-27T21:53:57","slug":"impressumsatzung","status":"publish","type":"page","link":"http:\/\/www.wild-und-honigbienen.de\/?page_id=15","title":{"rendered":"Impressum\/Satzung"},"content":{"rendered":"<header class=\"entry-header\"><strong><a href=\"http:\/\/www.wild-und-honigbienen.de\/wp-content\/uploads\/2014\/10\/hummel.jpg\" target=\"_blank\"><img loading=\"lazy\" decoding=\"async\" class=\"alignright wp-image-39 size-full\" src=\"http:\/\/www.wild-und-honigbienen.de\/wp-content\/uploads\/2014\/10\/hummel.jpg\" alt=\"hummel\" width=\"182\" height=\"180\" \/><\/a><\/strong><strong>Impressum<\/strong><br \/>\nVerein zum Schutz der Wild- und Honigbienen Voreifel e. V.<br \/>\nSchornsberg 11, 53332 Bornheim, Telefon: 0 22 22 \/ 6 26 68<br \/>\nE-Mail: friedelmirbach @ t-online.de<br \/>\nVertretungsberechtigter Vorstand: Friedel Mirbach (Vorsitzender)<br \/>\nRegistergericht: Amtsgericht Bonn<br \/>\nInhaltlich Verantwortlicher gem\u00e4\u00df \u00a7 10 Absatz 3 MDStV: Olaf M\u00fcller,<br \/>\nHenri- Spaak- Str. 177, 53347 Alfter<br \/>\nHaftungshinweis: Trotz sorgf\u00e4ltiger inhaltlicher Kontrolle \u00fcbernehmen wir keine Haftung f\u00fcr die Inhalte externer Links.<br \/>\nF\u00fcr den Inhalt der verlinkten Seiten sind ausschlie\u00dflich deren Betreiber verantwortlich.<\/header>\n<div class=\"entry-content\">\n<p style=\"text-align: center;\"><strong>S a t z u n g \u00a0\u00a0 d e s \u00a0 V e r e i n s<\/strong><br \/>\nzum Schutz der Wild- und Honigbienen<br \/>\nVoreifel e.V.<\/p>\n<p style=\"text-align: left;\">Schornsberg 11, 53332 Bornheim<br \/>\n\u00a7 1 Name, Art und Sitz des Vereins<br \/>\n\u2014\u2014\u2014\u2014\u2014\u2014\u2014\u2014\u2014\u2014\u2014\u2014\u2014\u2014\u2014\u2013<br \/>\nDer Verein f\u00fchrt den Namen \u201cVerein zum Schutz der Wild \u2013 und Honigbienen Voreifel e.V.\u201d. Der Verein ist ein Imkerverein. Er hat seinen Sitz in Bad Neuenahr- Ahrweiler und ist in das Vereinsregister des Amtsgerichtes in Andernach eingetragen. Ab dem 01.01. 2003 hat der Verein seinen Sitz in Bornheim und ist in das Vereinsregister des Amtsgerichtes in Bonn eingetragen.<br \/>\n\u00a7 2 Zweck des Vereins<br \/>\n\u2014\u2014\u2014\u2014\u2014\u2014\u2014\u2014\u2014\u2014-<\/p>\n<p>(1) Zweck des Vereins ist der Schutz der Wild- und Honigbienen, die im \u00d6kosystem unserer heimatlichen Natur eine unentbehrliche Schl\u00fcsselfunktion einnehmen. Eine artenreiche Natur und Kulturlandschaft ist ohne die Best\u00e4ubungst\u00e4tigkeit der Wildbienen, Hummeln sowie der Honigbienen undenkbar. Nur sie gew\u00e4hrleistet das \u00dcberleben der meisten Wildpflanzen, schafft Nahrung f\u00fcr die Tierwelt und mehrt den Ertrag der landwirtschaftlichen Betriebe sowie im Obst und Gem\u00fcsebau.<br \/>\n(2) Der Verein hat den Zweck, die Zucht und die Haltung von Bienenv\u00f6lkern durch direkte und indirekte Ma\u00dfnahmen zu f\u00f6rdern. Der Verein f\u00f6rdert die Qualifizierung seiner Mitglieder durch Fort- und Weiterbildung z.B. Lehrg\u00e4nge, Unterweisungen und Schulungen.<br \/>\n(3) Die Mitglieder des Vereins ergreifen Ma\u00dfnahmen, die die nat\u00fcrlichen Lebensgrundlagen der Wild- und Honigbienen wiederherstellen, erhalten und verbessern. Dabei strebt er die Kooperation der land- und forstwirtschaftlichen Berufszweige, des Gartenbaues, der natursch\u00fctzenden Jagd, der Imkerschaft und des umweltbewu\u00dften B\u00fcrgers an.<br \/>\n(4) Der Verein will in allen Bev\u00f6lkerungskreisen durch Aufkl\u00e4rung und Beratung Verst\u00e4ndnis f\u00fcr die Bedeutung der Bienen wecken. Um diese Ziele zu erreichen will der Verein unter anderem ein Forum in Form eines Lehrbienenstandes in einen f\u00fcr die bestm\u00f6gliche Verwirklichung des Satzungszweckes geeigneten Zustand bringen und in diesem erhalten.<br \/>\n\u00a7 3 Gemeinn\u00fctzigkeit<br \/>\n\u2014\u2014\u2014\u2014\u2014\u2014\u2014\u2014\u2014-<br \/>\n(1) Der Verein verfolgt ausschlie\u00dflich und unmittelbar gemeinn\u00fctzige Zwecke im Sinne des Abschnittes \u201cSteuerbeg\u00fcnstigte Zwecke\u201d der Abgabenordnung. Der Verein ist selbstlos t\u00e4tig. Er verfolgt nicht in erster Linie eigenwirtschaftliche Zwecke.<\/p>\n<p>(2) Mittel des Vereins d\u00fcrfen nur f\u00fcr die satzungsgem\u00e4\u00dfen Zwecke verwendet werden. Die Mitglieder erhalten keine Zuwendungen aus Mitteln des Vereins. Bei ihrem Ausscheiden oder bei Aufl\u00f6sung oder Aufhebung des Vereins haben die Mitglieder auch keinen Anspruch auf das Vereinsverm\u00f6gen.<br \/>\n(3) Es darf keine Person durch Ausgaben, die dem Zweck des Vereins fremd sind, oder durch unverh\u00e4ltnism\u00e4\u00dfig hohe Verg\u00fctungen beg\u00fcnstigt werden.<br \/>\n\u00a7 4 Mitgliedschaft<br \/>\n\u2014\u2014\u2014\u2014\u2014\u2014\u2014\u2013<br \/>\n(1) Mitglied k\u00f6nnen nat\u00fcrliche und juristische Personen werden, die den Verein durch Geld- oder Sachspenden unterst\u00fctzen. \u00dcber die Aufnahme von Mitgliedern beschlie\u00dft der Vorstand. Der Aufnahmeantrag hat schriftlich zu erfolgen.<\/p>\n<p>(2) Die Mitgliedschaft endet durch Austritt , Tod oder Ausschlu\u00df. Der Austritt ist dem Vorstand schriftlich zu erkl\u00e4ren. Der Beitrag f\u00fcr das laufende Kalenderjahr ist zu entrichten.<br \/>\n3) Ein Mitglied, das gegen die Satzung verst\u00f6\u00dft oder das Ansehen oder die Arbeit des Vereins beeintr\u00e4chtigt, kann \u2013 nachdem ihm Gelegenheit zur schriftlichen \u00c4u\u00dferung gegeben wurde \u2013 vom Vorstand ausgeschlossen werden. Gegen den Beschlu\u00df, der dem Mitglied mit Angabe von Gr\u00fcnden schriftlich mitzuteilen ist, kann die Mitgliederversammlung angerufen werden. Sie entscheidet endg\u00fcltig.<\/p>\n<p>\u00a7 5 Rechte und Pflichten der Mitglieder<br \/>\n\u2014\u2014\u2014\u2014\u2014\u2014\u2014\u2014\u2014\u2014\u2014\u2014\u2014\u2014\u2014\u2014\u2013<br \/>\n(1) Die Mitglieder haben Sitz und Stimme in der Mitgliederversammlung.<br \/>\n(2) Die Mitglieder zahlen einen j\u00e4hrlichen Beitrag, dessen H\u00f6he die Mitgliederversammlung mit Zweidrittelmehrheit der anwesenden Mitglieder auf Vorschlag des Vorstandes festsetzt. Die Beitr\u00e4ge werden am 1. Januar f\u00fcr das begonnene Gesch\u00e4ftsjahr bzw. mit der Aufnahme als Mitglied f\u00e4llig. Mitglieder, die trotz Mahnung mit zwei Beitr\u00e4gen im R\u00fcckstand sind, verlieren ihre Mitgliedschaft.<br \/>\n\u00a7 6 Gesch\u00e4ftsjahr<br \/>\n\u2014\u2014\u2014\u2014\u2014\u2014\u2014\u2014<br \/>\n(1) Das Gesch\u00e4ftsjahr ist das Kalenderjahr.<br \/>\n\u00a7 7 Organe des Vereins<br \/>\n\u2014\u2014\u2014\u2014\u2014\u2014\u2014\u2014\u2014\u2014\u2013<br \/>\n(1) Organe des Vereins sind die Mitgliederversammlung und der Vorstand.<br \/>\n\u00a7 8 Mitgliederversammlung<br \/>\n\u2014\u2014\u2014\u2014\u2014\u2014\u2014\u2014\u2014\u2014\u2014\u2014<br \/>\n(1) Die Mitgliederversammlung kann die Entscheidung \u00fcber alle Fragen an sich ziehen. Sie ist, soweit das nicht an anderer Stelle geregelt ist, zust\u00e4ndig f\u00fcr:<br \/>\n\u2013 die Wahl des Vorstandes<br \/>\n\u2013 die Verabschiedung des vom Vorstand vorgelegten Haushaltsvoranschlages<br \/>\n\u2013 die Entgegennahme des Jahresberichtes<br \/>\n\u2013 die Beschlu\u00dffassung \u00fcber den Kassenbericht nach Entgegennahme des Pr\u00fcfungsberichtes<br \/>\n\u2013 die Wahl von zwei Rechnungspr\u00fcfern<br \/>\n\u2013 die Festsetzung der Beitr\u00e4ge<br \/>\n\u2013 die Entlastung des Vorstandes<br \/>\n(2) Die Mitgliederversammlung findet mindestens alle zwei Jahre statt. Eine au\u00dferordentliche Mitgliederversammlung ist einzuberufen, wenn dies vom Vorstand oder von einem Viertel der Mitglieder schriftlich verlangt wird.<br \/>\n(3) Die Einberufung der Mitgliederversammlung erfolgt schriftlich durch den Vorsitzenden unter Angabe der vom Vorstand beschlossenen Tagesordnung mit einer Frist von vier Wochen. Antr\u00e4ge zur Erg\u00e4nzung der Tagesordnung k\u00f6nnen von einem Mitglied bis sp\u00e4testens zwei Wochen vor der Versammlung schriftlich an den Vorstand eingereicht werden. Sie kommen in der Versammlung nur dann zur Beratung, wenn sie von einem Viertel der anwesenden Mitglieder unterst\u00fctzt werden. Der Vorsitzende leitet die Mitgliederversammlung.<br \/>\n(4) Eine ordnungsgem\u00e4\u00df einberufene Mitgliederversammlung ist ohne R\u00fccksicht auf die Zahl der anwesenden Mitglieder beschlu\u00dff\u00e4hig. Abstimmungen erfolgen, soweit die Satzung nicht ausdr\u00fccklich etwas anderes bestimmt, mit einfacher Mehrheit; bei Stimmengleichheit gilt ein Antrag als abgelehnt.<br \/>\n(5) \u00dcber die Mitgliederversammlung sind Kurzprotokolle anzufertigen. Sie sind vom Sitzungsleiter und vom Protokollf\u00fchrer zu unterzeichnen und werden allen Mitgliedern zur Kenntnisnahme \u00fcbersandt.<br \/>\n\u00a7 9 Vorstand<br \/>\n\u2014\u2014\u2014\u2014\u2014\u2013<br \/>\n(1) Der Vorstand besteht aus dem Vorsitzenden, dessen Stellvertreter, dem Schatzmeister, dem Schriftf\u00fchrer und zwei Beisitzern. Mitglieder des Vorstandes werden auf die Dauer von vier Jahren gew\u00e4hlt. Wiederwahl ist zul\u00e4ssig. Der Vorstand wird erstmalig von der Gr\u00fcndungsversammlung des Vereins gew\u00e4hlt.<br \/>\n(2) Der Vorstand trifft innerhalb des von der Mitgliederversammlung gesetzten Rahmens die notwendigen Entscheidungen. Der Vorstand f\u00fchrt die laufenden Gesch\u00e4fte des Vereins nach den Beschl\u00fcssen der Mitgliederversammlung. Der Vorstand beruft Obleute f\u00fcr besondere Aufgaben. Vorstand im Sinne von \u00a7 26 BGB ist der Vorsitzende und ein weiteres Vorstandsmitglied. Der Vorsitzende kann nur durch seinen Stellvertreter vertreten werden. In Vereinsregisterangelegenheiten ist der Vorsitzende zur Alleinvertretung berechtigt.<\/p>\n<p>(3) Vorstandssitzungen werden vom Vorsitzenden einberufen und geleitet. Der Vorstand ist beschlu\u00dff\u00e4hig, wenn mindestens die H\u00e4lfte seiner Mitglieder anwesend ist. Die Mitglieder des Vorstandes \u00fcben ihre T\u00e4tigkeit ehrenamtlich aus.<br \/>\n\u00a7 10 Satzungs\u00e4nderungen und Aufl\u00f6sung<br \/>\n\u2014\u2014\u2014\u2014\u2014\u2014\u2014\u2014\u2014\u2014\u2014\u2014\u2014\u2014\u2014\u2014\u2014\u2014-<br \/>\n(1) Eine Satzungs\u00e4nderung oder die Aufl\u00f6sung des Vereins k\u00f6nnen durch die Mitgliederversammlung mit einer Mehrheit von drei Vierteln der abgegebenen g\u00fcltigen Stimmen erfolgen. Eine zweite Beschlu\u00dffassung zu diesem Gegenstand ist in derselben Sitzung nicht zul\u00e4ssig.<br \/>\n(2) Der Verein ist aufzul\u00f6sen, wenn sein Zweck nicht mehr erreicht werden kann.<br \/>\n(3) Bei Aufl\u00f6sung des Vereins oder bei Wegfall steuerbeg\u00fcnstigter Zwecke f\u00e4llt das Verm\u00f6gen des Vereins an den Verein der Freunde und F\u00f6rderer des Bienenmuseum in Weimar, der es unmittelbar und ausschlie\u00dflich f\u00fcr gemeinn\u00fctzige Zwecke im Sinne seiner Satzung zu verwenden hat.<\/p>\n<p>Beschlossen : in der Gr\u00fcndungsversammlung am 22.10.1988 in Bonn<br \/>\nErg\u00e4nzt : auf der Mitgliederversammlung am 21.2.1992 in Bonn<br \/>\nGe\u00e4ndert : auf der Mitgliederversammlung am 3.1.1993 in Bonn<br \/>\nGe\u00e4ndert : auf der Mitgliederversammlung am 8. 4. 2002 in Bonn<br \/>\nBonn, den 8. April 2002<br \/>\nFriedel Mirbach J\u00fcrgen Hansen<br \/>\n1. Vorsitzender Schriftf\u00fchrer<br \/>\nDie Gemeinn\u00fctzigkeit des Vereins wurde vom Finanzamt in St. Augustin unter dem<br \/>\nAktenzeichen 222 \/ 5749 \/ 1708 anerkannt.<br \/>\nDas Vereinskonto wird gef\u00fchrt bei der Volksbank Bonn Rhein-Sieg eG (BLZ 380 601 86).<br \/>\nDie Kontonummer ist 61620 9019 .<br \/>\n(Steuernummer und Kontonummer entsprechen dem Stand vom 17.11.2001)<\/p>\n<\/div>\n","protected":false},"excerpt":{"rendered":"<p>Impressum Verein zum Schutz der Wild- und Honigbienen Voreifel e. V. Schornsberg 11, 53332 Bornheim, Telefon: 0 22 22 \/ 6 26 68 E-Mail: friedelmirbach @ t-online.de Vertretungsberechtigter Vorstand: Friedel Mirbach (Vorsitzender) Registergericht: Amtsgericht Bonn Inhaltlich Verantwortlicher gem\u00e4\u00df \u00a7 10 &hellip; <a class=\"more-link\" href=\"http:\/\/www.wild-und-honigbienen.de\/?page_id=15\">Weiterlesen <span class=\"meta-nav\">&rarr;<\/span><\/a><\/p>\n","protected":false},"author":1,"featured_media":0,"parent":0,"menu_order":0,"comment_status":"closed","ping_status":"open","template":"","meta":{"footnotes":""},"_links":{"self":[{"href":"http:\/\/www.wild-und-honigbienen.de\/index.php?rest_route=\/wp\/v2\/pages\/15"}],"collection":[{"href":"http:\/\/www.wild-und-honigbienen.de\/index.php?rest_route=\/wp\/v2\/pages"}],"about":[{"href":"http:\/\/www.wild-und-honigbienen.de\/index.php?rest_route=\/wp\/v2\/types\/page"}],"author":[{"embeddable":true,"href":"http:\/\/www.wild-und-honigbienen.de\/index.php?rest_route=\/wp\/v2\/users\/1"}],"replies":[{"embeddable":true,"href":"http:\/\/www.wild-und-honigbienen.de\/index.php?rest_route=%2Fwp%2Fv2%2Fcomments&post=15"}],"version-history":[{"count":8,"href":"http:\/\/www.wild-und-honigbienen.de\/index.php?rest_route=\/wp\/v2\/pages\/15\/revisions"}],"predecessor-version":[{"id":124,"href":"http:\/\/www.wild-und-honigbienen.de\/index.php?rest_route=\/wp\/v2\/pages\/15\/revisions\/124"}],"wp:attachment":[{"href":"http:\/\/www.wild-und-honigbienen.de\/index.php?rest_route=%2Fwp%2Fv2%2Fmedia&parent=15"}],"curies":[{"name":"wp","href":"https:\/\/api.w.org\/{rel}","templated":true}]}}