{"id":1497,"date":"2018-05-17T16:20:40","date_gmt":"2018-05-17T14:20:40","guid":{"rendered":"http:\/\/www.wild-und-honigbienen.de\/?page_id=1497"},"modified":"2018-05-17T16:20:40","modified_gmt":"2018-05-17T14:20:40","slug":"pfannkuchenschwarm","status":"publish","type":"page","link":"http:\/\/www.wild-und-honigbienen.de\/?page_id=1497","title":{"rendered":"Pfannkuchenschwarm"},"content":{"rendered":"<p>Im Mai 2018 legte sich ein Bienenschwarm flach auf die Strasse. Zum Gl\u00fcck auf den B\u00fcrgersteig und nicht auf die Fahrbahn. Geschickt eingekehrt und sp\u00e4ter mit dem &#8222;Regensimulator&#8220;(Spr\u00fchflasche) bearbeitet, waren nach einer halben Stunde fast alle im Schwarmfangkasten. Wichtig war in diesem Fall die Verkehrsicherung. Gru\u00df an alle Schwarmf\u00e4nger! Olaf M\u00fcller<br \/>\n<img loading=\"lazy\" decoding=\"async\" class=\"alignleft wp-image-1496 size-full\" src=\"http:\/\/www.wild-und-honigbienen.de\/wp-content\/uploads\/2018\/05\/verkehrssicher.jpg\" alt=\"\" width=\"895\" height=\"402\" srcset=\"http:\/\/www.wild-und-honigbienen.de\/wp-content\/uploads\/2018\/05\/verkehrssicher.jpg 895w, http:\/\/www.wild-und-honigbienen.de\/wp-content\/uploads\/2018\/05\/verkehrssicher-300x135.jpg 300w, http:\/\/www.wild-und-honigbienen.de\/wp-content\/uploads\/2018\/05\/verkehrssicher-768x345.jpg 768w, http:\/\/www.wild-und-honigbienen.de\/wp-content\/uploads\/2018\/05\/verkehrssicher-500x225.jpg 500w\" sizes=\"(max-width: 895px) 100vw, 895px\" \/><\/p>\n","protected":false},"excerpt":{"rendered":"<p>Im Mai 2018 legte sich ein Bienenschwarm flach auf die Strasse. Zum Gl\u00fcck auf den B\u00fcrgersteig und nicht auf die Fahrbahn. Geschickt eingekehrt und sp\u00e4ter mit dem &#8222;Regensimulator&#8220;(Spr\u00fchflasche) bearbeitet, waren nach einer halben Stunde fast alle im Schwarmfangkasten. Wichtig war &hellip; <a class=\"more-link\" href=\"http:\/\/www.wild-und-honigbienen.de\/?page_id=1497\">Weiterlesen <span class=\"meta-nav\">&rarr;<\/span><\/a><\/p>\n","protected":false},"author":1,"featured_media":0,"parent":0,"menu_order":0,"comment_status":"closed","ping_status":"closed","template":"","meta":{"footnotes":""},"_links":{"self":[{"href":"http:\/\/www.wild-und-honigbienen.de\/index.php?rest_route=\/wp\/v2\/pages\/1497"}],"collection":[{"href":"http:\/\/www.wild-und-honigbienen.de\/index.php?rest_route=\/wp\/v2\/pages"}],"about":[{"href":"http:\/\/www.wild-und-honigbienen.de\/index.php?rest_route=\/wp\/v2\/types\/page"}],"author":[{"embeddable":true,"href":"http:\/\/www.wild-und-honigbienen.de\/index.php?rest_route=\/wp\/v2\/users\/1"}],"replies":[{"embeddable":true,"href":"http:\/\/www.wild-und-honigbienen.de\/index.php?rest_route=%2Fwp%2Fv2%2Fcomments&post=1497"}],"version-history":[{"count":1,"href":"http:\/\/www.wild-und-honigbienen.de\/index.php?rest_route=\/wp\/v2\/pages\/1497\/revisions"}],"predecessor-version":[{"id":1498,"href":"http:\/\/www.wild-und-honigbienen.de\/index.php?rest_route=\/wp\/v2\/pages\/1497\/revisions\/1498"}],"wp:attachment":[{"href":"http:\/\/www.wild-und-honigbienen.de\/index.php?rest_route=%2Fwp%2Fv2%2Fmedia&parent=1497"}],"curies":[{"name":"wp","href":"https:\/\/api.w.org\/{rel}","templated":true}]}}