{"id":1330,"date":"2017-08-23T17:24:22","date_gmt":"2017-08-23T15:24:22","guid":{"rendered":"http:\/\/www.wild-und-honigbienen.de\/?page_id=1330"},"modified":"2018-04-08T18:15:19","modified_gmt":"2018-04-08T16:15:19","slug":"filme","status":"publish","type":"page","link":"http:\/\/www.wild-und-honigbienen.de\/?page_id=1330","title":{"rendered":"Filme"},"content":{"rendered":"<p>3 Filme &#8211; mitte: Tagetes, unten: Silphie<br \/>\nApril 2018: Heute Morgen kam die erste &#8222;Schwarmmeldung&#8220;. Die \u00dcckesdorfer-\u00dcd\u00f6tzchen haben einen Bienenschwarm und ich m\u00f6chte mal schauen ob es gef\u00e4hrlich ist. Es sind Sandbienen, die ein Sonnenbad nehmen, ca.an die 100 St\u00fcck, friedlich. J\u00fcrgen Hansen<\/p>\n<div style=\"width: 640px;\" class=\"wp-video\"><!--[if lt IE 9]><script>document.createElement('video');<\/script><![endif]-->\n<video class=\"wp-video-shortcode\" id=\"video-1330-1\" width=\"640\" height=\"360\" preload=\"metadata\" controls=\"controls\"><source type=\"video\/webm\" src=\"http:\/\/www.wild-und-honigbienen.de\/wp-content\/uploads\/2018\/04\/SandbienenApril2018.webm?_=1\" \/><a href=\"http:\/\/www.wild-und-honigbienen.de\/wp-content\/uploads\/2018\/04\/SandbienenApril2018.webm\">http:\/\/www.wild-und-honigbienen.de\/wp-content\/uploads\/2018\/04\/SandbienenApril2018.webm<\/a><\/video><\/div>\n<p>&nbsp;<\/p>\n<p>Oktober 2017, Biene auf Tagetes gefilmt von Ute Scott<\/p>\n<div style=\"width: 640px;\" class=\"wp-video\"><video class=\"wp-video-shortcode\" id=\"video-1330-2\" width=\"640\" height=\"360\" preload=\"metadata\" controls=\"controls\"><source type=\"video\/mp4\" src=\"http:\/\/www.wild-und-honigbienen.de\/wp-content\/uploads\/2017\/10\/MVI_5040.mp4?_=2\" \/><a href=\"http:\/\/www.wild-und-honigbienen.de\/wp-content\/uploads\/2017\/10\/MVI_5040.mp4\">http:\/\/www.wild-und-honigbienen.de\/wp-content\/uploads\/2017\/10\/MVI_5040.mp4<\/a><\/video><\/div>\n<p><a href=\"https:\/\/de.wikipedia.org\/wiki\/Durchwachsene_Silphie\" target=\"_blank\" rel=\"noopener\">&gt;Wiki-Link: Durchwachsene Silphie&lt;<\/a><\/p>\n<div style=\"width: 640px;\" class=\"wp-video\"><video class=\"wp-video-shortcode\" id=\"video-1330-3\" width=\"640\" height=\"512\" preload=\"metadata\" controls=\"controls\"><source type=\"video\/mp4\" src=\"http:\/\/www.wild-und-honigbienen.de\/wp-content\/uploads\/2017\/08\/biene_silphie2017.mp4?_=3\" \/><a href=\"http:\/\/www.wild-und-honigbienen.de\/wp-content\/uploads\/2017\/08\/biene_silphie2017.mp4\">http:\/\/www.wild-und-honigbienen.de\/wp-content\/uploads\/2017\/08\/biene_silphie2017.mp4<\/a><\/video><\/div>\n","protected":false},"excerpt":{"rendered":"<p>3 Filme &#8211; mitte: Tagetes, unten: Silphie April 2018: Heute Morgen kam die erste &#8222;Schwarmmeldung&#8220;. Die \u00dcckesdorfer-\u00dcd\u00f6tzchen haben einen Bienenschwarm und ich m\u00f6chte mal schauen ob es gef\u00e4hrlich ist. Es sind Sandbienen, die ein Sonnenbad nehmen, ca.an die 100 St\u00fcck, &hellip; <a class=\"more-link\" href=\"http:\/\/www.wild-und-honigbienen.de\/?page_id=1330\">Weiterlesen <span class=\"meta-nav\">&rarr;<\/span><\/a><\/p>\n","protected":false},"author":1,"featured_media":0,"parent":811,"menu_order":0,"comment_status":"closed","ping_status":"closed","template":"","meta":{"footnotes":""},"_links":{"self":[{"href":"http:\/\/www.wild-und-honigbienen.de\/index.php?rest_route=\/wp\/v2\/pages\/1330"}],"collection":[{"href":"http:\/\/www.wild-und-honigbienen.de\/index.php?rest_route=\/wp\/v2\/pages"}],"about":[{"href":"http:\/\/www.wild-und-honigbienen.de\/index.php?rest_route=\/wp\/v2\/types\/page"}],"author":[{"embeddable":true,"href":"http:\/\/www.wild-und-honigbienen.de\/index.php?rest_route=\/wp\/v2\/users\/1"}],"replies":[{"embeddable":true,"href":"http:\/\/www.wild-und-honigbienen.de\/index.php?rest_route=%2Fwp%2Fv2%2Fcomments&post=1330"}],"version-history":[{"count":8,"href":"http:\/\/www.wild-und-honigbienen.de\/index.php?rest_route=\/wp\/v2\/pages\/1330\/revisions"}],"predecessor-version":[{"id":1485,"href":"http:\/\/www.wild-und-honigbienen.de\/index.php?rest_route=\/wp\/v2\/pages\/1330\/revisions\/1485"}],"up":[{"embeddable":true,"href":"http:\/\/www.wild-und-honigbienen.de\/index.php?rest_route=\/wp\/v2\/pages\/811"}],"wp:attachment":[{"href":"http:\/\/www.wild-und-honigbienen.de\/index.php?rest_route=%2Fwp%2Fv2%2Fmedia&parent=1330"}],"curies":[{"name":"wp","href":"https:\/\/api.w.org\/{rel}","templated":true}]}}