{"id":1286,"date":"2017-07-01T16:47:14","date_gmt":"2017-07-01T14:47:14","guid":{"rendered":"http:\/\/www.wild-und-honigbienen.de\/?page_id=1286"},"modified":"2017-07-21T12:33:37","modified_gmt":"2017-07-21T10:33:37","slug":"sauberkeit","status":"publish","type":"page","link":"http:\/\/www.wild-und-honigbienen.de\/?page_id=1286","title":{"rendered":"Sauberkeit"},"content":{"rendered":"<p>Zum Thema Sauberkeit in der Imkerei hier eine Sammlung von pdf Dateien.<\/p>\n<p>Merkblatt des Rhein- Sieg- Keises vom 17.7.2017 <a href=\"http:\/\/www.wild-und-honigbienen.de\/wp-content\/uploads\/2017\/07\/Sauberheit_RSK.pdf\">&gt;Merkblatt_Scan&lt;<\/a><\/p>\n<p>Von der Landwirtschftskammer heraus gegeben Anleitungen und Pr\u00fcflisten, die Hilfe bieten.<br \/>\nDie Lebensmittel\u00fcberwachung der Kreise und St\u00e4dte wird in Zukunft auch Imkereien besuchen.<\/p>\n<p>Betriebsdaten <a href=\"http:\/\/www.wild-und-honigbienen.de\/wp-content\/uploads\/2017\/07\/betriebsdaten.pdf\">&gt;betriebsdaten.pdf&lt;<\/a><\/p>\n<p>Hygienecheckliste <a href=\"http:\/\/www.wild-und-honigbienen.de\/wp-content\/uploads\/2017\/07\/Hygienecheckliste.pdf\">&gt;Hygienecheckliste.pdf&lt;<\/a><\/p>\n<p>Reinigungsprotokoll <a href=\"http:\/\/www.wild-und-honigbienen.de\/wp-content\/uploads\/2017\/07\/reinigungsprotokoll.pdf\">&gt;reinigungsprotokoll.pdf&lt;<\/a><\/p>\n<p>Arzneimittelbestandsbuch <a href=\"http:\/\/www.wild-und-honigbienen.de\/wp-content\/uploads\/2017\/07\/vet_bestandsbuch_bienen.pdf\">&gt;vet_bestandsbuch_bienen.pdf&lt;<\/a><\/p>\n<p>Honiglager <a href=\"http:\/\/www.wild-und-honigbienen.de\/wp-content\/uploads\/2017\/07\/kontrolle-honiglager.pdf\">&gt;kontrolle-honiglager.pdf&lt;<\/a><\/p>\n<p>Honigchargen <a href=\"http:\/\/www.wild-und-honigbienen.de\/wp-content\/uploads\/2017\/07\/abfuellen-honig-einer-charge.pdf\">&gt;abfuellen-honig-einer-charge.pdf&lt;<\/a><\/p>\n<p>Honigwaage <a href=\"http:\/\/www.wild-und-honigbienen.de\/wp-content\/uploads\/2017\/07\/pruefmittelueberwachung-waage.pdf\">&gt;pruefmittelueberwachung-waage.pdf&lt;<\/a><\/p>\n<p>Sch\u00e4dlingsplan <a href=\"http:\/\/www.wild-und-honigbienen.de\/wp-content\/uploads\/2017\/07\/schaedlingsplan.pdf\">&gt;schaedlingsplan.pdf&lt;<\/a><\/p>\n<p>Ma\u00dfnahmenplan <a href=\"http:\/\/www.wild-und-honigbienen.de\/wp-content\/uploads\/2017\/07\/massnahmenplan.pdf\">&gt;massnahmenplan.pdf&lt;<\/a><\/p>\n<p>&nbsp;<\/p>\n<p>&nbsp;<\/p>\n","protected":false},"excerpt":{"rendered":"<p>Zum Thema Sauberkeit in der Imkerei hier eine Sammlung von pdf Dateien. Merkblatt des Rhein- Sieg- Keises vom 17.7.2017 &gt;Merkblatt_Scan&lt; Von der Landwirtschftskammer heraus gegeben Anleitungen und Pr\u00fcflisten, die Hilfe bieten. Die Lebensmittel\u00fcberwachung der Kreise und St\u00e4dte wird in Zukunft &hellip; <a class=\"more-link\" href=\"http:\/\/www.wild-und-honigbienen.de\/?page_id=1286\">Weiterlesen <span class=\"meta-nav\">&rarr;<\/span><\/a><\/p>\n","protected":false},"author":1,"featured_media":0,"parent":13,"menu_order":0,"comment_status":"closed","ping_status":"closed","template":"paget-blank.php","meta":{"footnotes":""},"_links":{"self":[{"href":"http:\/\/www.wild-und-honigbienen.de\/index.php?rest_route=\/wp\/v2\/pages\/1286"}],"collection":[{"href":"http:\/\/www.wild-und-honigbienen.de\/index.php?rest_route=\/wp\/v2\/pages"}],"about":[{"href":"http:\/\/www.wild-und-honigbienen.de\/index.php?rest_route=\/wp\/v2\/types\/page"}],"author":[{"embeddable":true,"href":"http:\/\/www.wild-und-honigbienen.de\/index.php?rest_route=\/wp\/v2\/users\/1"}],"replies":[{"embeddable":true,"href":"http:\/\/www.wild-und-honigbienen.de\/index.php?rest_route=%2Fwp%2Fv2%2Fcomments&post=1286"}],"version-history":[{"count":6,"href":"http:\/\/www.wild-und-honigbienen.de\/index.php?rest_route=\/wp\/v2\/pages\/1286\/revisions"}],"predecessor-version":[{"id":1308,"href":"http:\/\/www.wild-und-honigbienen.de\/index.php?rest_route=\/wp\/v2\/pages\/1286\/revisions\/1308"}],"up":[{"embeddable":true,"href":"http:\/\/www.wild-und-honigbienen.de\/index.php?rest_route=\/wp\/v2\/pages\/13"}],"wp:attachment":[{"href":"http:\/\/www.wild-und-honigbienen.de\/index.php?rest_route=%2Fwp%2Fv2%2Fmedia&parent=1286"}],"curies":[{"name":"wp","href":"https:\/\/api.w.org\/{rel}","templated":true}]}}